{"id":175,"date":"2015-07-31T12:08:06","date_gmt":"2015-07-31T12:08:06","guid":{"rendered":"http:\/\/vialpen.com\/?page_id=175"},"modified":"2020-01-23T11:53:19","modified_gmt":"2020-01-23T11:53:19","slug":"nota-legal","status":"publish","type":"page","link":"https:\/\/vialpen.com\/es\/nota-legal\/","title":{"rendered":"Nota legal"},"content":{"rendered":"<div id=\"pl-175\"  class=\"panel-layout\" ><div id=\"pg-175-0\"  class=\"panel-grid panel-no-style\" ><div id=\"pgc-175-0-0\"  class=\"panel-grid-cell\" ><div id=\"panel-175-0-0-0\" class=\"so-panel widget widget_black-studio-tinymce widget_black_studio_tinymce panel-first-child\" data-index=\"0\" ><div class=\"textwidget\"><h4><span style=\"text-decoration: underline;\">DADES DE L'EMPRESA<\/span><\/h4>\n<h4 dir=\"auto\">Av. Barcelona nau 15<\/h4>\n<h4 dir=\"auto\">Pol. Ind. La Masia<\/h4>\n<h4 dir=\"auto\">08798 Sant Cugat Sesgarrigues<\/h4>\n<h4>Tel\u00e8fon: (+34) 93 897 00 98<\/h4>\n<h4>e-mail: <a href=\"mailto:cambra@cambrabcn.org\">info@vialpen.com<\/a><\/h4>\n<h4><\/h4>\n<h4><span style=\"text-decoration: underline;\">INFORMACI\u00d3 LEGAL SOBRE VIALPEN<br \/>\n<\/span><\/h4>\n<h4>Vialpen es dedica des de 1998 a la col\u00b7locaci\u00f3 de tancament d\u2019alumini d\u2019alta qualitat, i per aix\u00f2 formem part de la xarxa d\u2019instal\u00b7ladors Reynaers Aluminium Experts, una empresa multinacional i capdavantera en el sector, la qual cosa garanteix la m\u00e0xima qualitat, professionalitat, garantia i seguretat en els nostres productes.<\/h4>\n<h4><\/h4>\n<h4><span style=\"text-decoration: underline;\">ACCEPTACI\u00d3 DE L\u2019USUARI<\/span><\/h4>\n<h4>Aquest document (Nota legal) t\u00e9 per objecte regular l\u2019\u00fas del web que Vialpen posa a disposici\u00f3 del p\u00fablic en l\u2019URL http:\/\/www.vialpen.com<\/h4>\n<h4>La utilitzaci\u00f3 del web per un tercer li atribueix la condici\u00f3 d\u2019usuari, i suposa l\u2019acceptaci\u00f3 plena de l\u2019usuari de totes i cada una de les condicions que estableix aquesta Nota legal.<\/h4>\n<h4><\/h4>\n<h4><span style=\"text-decoration: underline;\">\u00daS CORRECTE DEL WEB<\/span><\/h4>\n<h4>L\u2019usuari es compromet a utilitzar el web, els continguts i els serveis d\u2019acord amb la Llei, aquesta Nota legal, els bons costums i l\u2019ordre p\u00fablic. De la mateixa manera, l\u2019usuari s\u2019obliga a no utilitzar el web o els serveis que es prestin a trav\u00e9s d\u2019ell amb finalitats o efectes il\u00b7l\u00edcits o contraris al contingut d\u2019aquesta Nota legal, que lesionin els interessos o drets de tercers, o que de qualsevol forma pugui danyar, inutilitzar o deteriorar el web o els seus serveis o impedir un \u00fas satisfactori del web a d\u2019altres usuaris.<\/h4>\n<h4>Aix\u00ed mateix, l\u2019usuari es compromet expressament a no destruir, alterar, inutilitzar o, de qualsevol altra forma, fer malb\u00e9 les dades, els programes o els documents electr\u00f2nics i altres que es trobin en el web.<\/h4>\n<h4>L\u2019usuari es compromet a no obstaculitzar l\u2019acc\u00e9s d\u2019altres usuaris al servei d\u2019acc\u00e9s mitjan\u00e7ant el consum massiu dels recursos inform\u00e0tics a trav\u00e9s dels quals la Vialpen presta el servei, aix\u00ed com a no realitzar accions que danyin, interrompin o generin errors en els sistemes esmentats.<\/h4>\n<h4>L\u2019usuari es compromet a no introduir-hi programes, virus, macroinstruccions, miniaplicacions (applets), controls de tipus ActiveX o qualsevol altre dispositiu l\u00f2gic o seq\u00fc\u00e8ncia de car\u00e0cters que causin o puguin causar qualsevol tipus d\u2019alteraci\u00f3 en els sistemes inform\u00e0tics de Vialpen o de tercers.<\/h4>\n<h4>L\u2019usuari es compromet a no fer mal \u00fas d\u2019informacions, missatges, gr\u00e0fics, dibuixos, arxius de so i\/o imatge, fotografies, enregistraments, programari i, en general, qualsevol classe de material accessible a trav\u00e9s del web o dels serveis que ofereix.<\/h4>\n<h4><\/h4>\n<h4><span style=\"text-decoration: underline;\">PROPIETAT INTEL\u00b7LECTUAL I INDUSTRIAL<\/span><\/h4>\n<h4>Aquest web i tots els seus continguts, inclosos els textos, els documents, les fotografies, els dibuixos, les representacions gr\u00e0fiques, les bases de dades, els programes inform\u00e0tics, aix\u00ed com els logotips, les marques, els noms comercials i altres signes distintius s\u00f3n propietat de Vialpen o de tercers que l\u2019han autoritzada per al seu \u00fas.<\/h4>\n<h4>Tots els drets estan reservats.<\/h4>\n<h4>L\u2019acc\u00e9s a aquest web est\u00e0 subjecte a les condicions seg\u00fcents:<\/h4>\n<h4>Vialpen no \u00e9s responsable de la informaci\u00f3 que es pot obtenir a trav\u00e9s d\u2019enlla\u00e7os a sistemes externs.<\/h4>\n<h4>Vialpen no garanteix que el web i el servidor estiguin lliures de virus i no es fa responsable dels danys causats per l\u2019acc\u00e9s al web o per la impossibilitat d\u2019accedir-hi.<\/h4>\n<h4>En cap cas les cookies, o altres mitjans de naturalesa an\u00e0loga que es puguin utilitzar, serviran per emmagatzemar informaci\u00f3 que permeti identificar la persona f\u00edsica usu\u00e0ria del web.<\/h4>\n<h4>No es permet, excepte en els sup\u00f2sits en els quals Vialpen ho autoritzi expressament, establir enlla\u00e7os des de portals o webs de tercers a p\u00e0gines web de Vialpen diferents de la p\u00e0gina principal del seu portal.<\/h4>\n<h4><\/h4>\n<h4><span style=\"text-decoration: underline;\">R\u00c8GIM DE RESPONSABILITAT<\/span><\/h4>\n<h4><strong>Responsabilitat de Vialpen per la utilitzaci\u00f3 del web<\/strong><\/h4>\n<h4>L\u2019usuari \u00e9s l\u2019\u00fanic responsable de les infraccions en qu\u00e8 pugui inc\u00f3rrer i dels perjudicis que pugui causar o causar-se per la utilitzaci\u00f3 del web i Vialpen est\u00e0 exonerada de qualsevol responsabilitat que es pogu\u00e9s derivar per les accions de l\u2019usuari.<\/h4>\n<h4>L\u2019usuari ser\u00e0 l\u2019\u00fanic responsable per qualsevol reclamaci\u00f3 o acci\u00f3 legal, judicial o extrajudicial iniciada per terceres persones contra Vialpen basada en la utilitzaci\u00f3 del web per l\u2019usuari. Si \u00e9s el cas, l\u2019usuari assumir\u00e0 totes les despeses, els costos i les indemnitzacions que es reclamin a Vialpne amb motiu de reclamacions o d\u2019accions legals.<\/h4>\n<h4><strong>Responsabilitat de Vialpen pel funcionament del web<\/strong><\/h4>\n<h4>Vialpen exclou qualsevol responsabilitat que es pogu\u00e9s derivar per interfer\u00e8ncies, omissions, interrupcions, virus inform\u00e0tics, avaries telef\u00f2niques o desconnexions en el funcionament operatiu del sistema electr\u00f2nic, motivats per causes alienes a Vialpen.<\/h4>\n<h4>Aix\u00ed mateix, Vialpen s\u2019exonera de qualsevol responsabilitat que es pogu\u00e9s derivar per retards o bloqueigs en el funcionament operatiu d\u2019aquest sistema electr\u00f2nic causats per defici\u00e8ncies o sobrec\u00e0rrega en les l\u00ednies telef\u00f2niques o a Internet, com tamb\u00e9 dels danys causats per terceres persones per intromissions il\u00b7leg\u00edtimes fora del control de Vialpen.<\/h4>\n<h4><strong>Responsabilitat de Vialpen per enlla\u00e7os.<\/strong><\/h4>\n<h4>Vialpen declina tota responsabilitat respecte de la informaci\u00f3 que hi hagi fora del web, ja que la funci\u00f3 dels enlla\u00e7os que apareixen \u00e9s \u00fanicament la d\u2019informar l\u2019usuari de l\u2019exist\u00e8ncia d\u2019altres fonts d\u2019informaci\u00f3 sobre un tema concret.<\/h4>\n<h4>Vialpen s\u2019exonera de tota responsabilitat del funcionament dels enlla\u00e7os, del resultat obtingut a trav\u00e9s dels enlla\u00e7os esmentats, de la veracitat i licitud del contingut o la informaci\u00f3 a qu\u00e8 es pot accedir aix\u00ed com dels perjudicis que pugui sofrir l\u2019usuari en virtut de la informaci\u00f3 trobada al web enlla\u00e7at.<\/h4>\n<h4><\/h4>\n<h4><span style=\"text-decoration: underline;\">COMPROM\u00cdS DE PROTECCI\u00d3 DE DADES I DE COMPLIMENT DE LA LSSICE<\/span><\/h4>\n<h4>En compliment del que disposa l\u2019article 5 de la Llei org\u00e0nica 15\/1999, de 13 de desembre, de protecci\u00f3 de dades de car\u00e0cter personal, Vialpen informa les usu\u00e0ries que les dades de car\u00e0cter personal que ens proporcionin quan emplenin el formulari que s\u2019inclou en aquesta p\u00e0gina es recolliran en fitxers la responsable dels quals \u00e9s Vialpen, i seran tractades amb la finalitat de poder prestar els serveis corporatius. Tamb\u00e9 es poden incloure en llistes d\u2019empreses sol\u00b7licitades per tercers que vulguin contactar amb persones o empreses de la demarcaci\u00f3 de Vialpen, o que tinguin o hagin tingut algun tipus de relaci\u00f3 amb Vialpen; i ser subministrades a persones, entitats o empreses, nacionals o estrangeres, el lloc de resid\u00e8ncia de les quals pot estar ubicat en pa\u00efsos que no disposin d\u2019una normativa de protecci\u00f3 de dades personals equivalent a l\u2019espanyola. El fet d\u2019emplenar un formulari d\u2019aquest web implica que la usu\u00e0ria reconeix que la informaci\u00f3 i les dades personals que ens indica s\u00f3n seves, exactes i certes.<\/h4>\n<h4>La usu\u00e0ria enregistrada conserva en tot moment la possibilitat d\u2019exercitar els drets d\u2019oposici\u00f3, d\u2019acc\u00e9s, de rectificaci\u00f3 i de cancel\u00b7laci\u00f3 de dades. Aix\u00ed mateix, i de conformitat amb la Llei 34\/2002, d\u20191 de juliol, de serveis de la societat de la informaci\u00f3 i comer\u00e7 electr\u00f2nic, pot revocar en qualsevol moment el consentiment prestat a la recepci\u00f3 de comunicacions comercials. En cas de dubte, aix\u00ed com per exercir els drets esmentats, pot adre\u00e7ar-se a Vialpen mitjan\u00e7ant correu electr\u00f2nic (<a href=\"mailto:info@cambrabcn.org\">info@vialpen.com<\/a>), o correu postal (Carrer Masia, 12 - 08798 Sant Cugat Sesgarrigues - Barcelona).<br \/>\nEn les comunicacions per correu electr\u00f2nic que s\u2019efectuen des de l\u2019oficina de l\u2019Observatori a les usu\u00e0ries registrades, les adreces electr\u00f2niques de les destinat\u00e0ries figuren en la pestanya \u201cc\u00f2pia oberta\u201d (CC), per tant, es mantenen visibles. Aquesta visibilitat t\u00e9 com a finalitat facilitar la relaci\u00f3 interpersonal. En cas que una usu\u00e0ria no desitgi que la seva adre\u00e7a sigui d\u2019aquesta manera facilitada a les altres usu\u00e0ries, ho pot indicar i continuar\u00e0 rebent els missatges mitjan\u00e7ant c\u00f2pia oculta, si b\u00e9 en aquest cas no podr\u00e0 rebre les respostes que les altres usu\u00e0ries puguin donar al missatge tram\u00e8s.<\/h4>\n<h4><\/h4>\n<h4><span style=\"text-decoration: underline;\">LEGISLACI\u00d3 APLICABLE I COMPET\u00c8NCIA JUDICIAL<\/span><\/h4>\n<h4>Qualsevol controv\u00e8rsia sorgida en la interpretaci\u00f3 o l\u2019execuci\u00f3 d\u2019aquesta Nota legal s\u2019interpretar\u00e0 a partir de la legislaci\u00f3 espanyola. Aix\u00ed mateix, Vialpen i l\u2019usuari, renuncien a qualsevol altra jurisdicci\u00f3 i se sotmeten a la dels jutjats i tribunals del domicili de l\u2019usuari per a qualsevol controv\u00e8rsia que es pogu\u00e9s esdevenir. En el cas que l\u2019usuari tingui el seu domicili fora d\u2019Espanya, Vialpen i l\u2019usuari se sotmeten als jutjats i tribunals de la ciutat de Barcelona.<\/h4>\n<\/div><\/div><div id=\"panel-175-0-0-1\" class=\"so-panel widget widget_text panel-last-child\" data-index=\"1\" >\t\t\t<div class=\"textwidget\"><script>\n  (function(i,s,o,g,r,a,m){i['GoogleAnalyticsObject']=r;i[r]=i[r]||function(){\n  (i[r].q=i[r].q||[]).push(arguments)},i[r].l=1*new Date();a=s.createElement(o),\n  m=s.getElementsByTagName(o)[0];a.async=1;a.src=g;m.parentNode.insertBefore(a,m)\n  })(window,document,'script','\/\/www.google-analytics.com\/analytics.js','ga');\n\n  ga('create', 'UA-38263364-5', 'auto');\n  ga('send', 'pageview');\n\n<\/script><\/div>\n\t\t<\/div><\/div><\/div><\/div>","protected":false},"excerpt":{"rendered":"<p>DADES DE L&#8217;EMPRESA Av. Barcelona nau 15 Pol. Ind. La Masia 08798 Sant Cugat Sesgarrigues Tel\u00e8fon: (+34) 93 897 00 &hellip; <a class=\"kt-excerpt-readmore\" href=\"https:\/\/vialpen.com\/es\/nota-legal\/\" aria-label=\"Nota legal\">Llegir m\u00e9s<\/a><\/p>\n","protected":false},"author":1,"featured_media":0,"parent":0,"menu_order":0,"comment_status":"closed","ping_status":"closed","template":"page-fullwidth.php","meta":{"footnotes":""},"class_list":["post-175","page","type-page","status-publish","hentry"],"yoast_head":"<!-- This site is optimized with the Yoast SEO plugin v27.5 - https:\/\/yoast.com\/product\/yoast-seo-wordpress\/ -->\n<title>Nota Legal - VIALPEN<\/title>\n<meta name=\"description\" content=\"VIALPEN est\u00e0 ubicada a Sant Cugat Sesgarrigues (Alt Pened\u00e8s) i es dedica a la col\u00b7locaci\u00f3 de tancament d\u2019alumini d\u2019alta qualitat, i per aix\u00f2 formem part de la xarxa d\u2019instal\u00b7ladors Reynaers Aluminium Experts, una empresa multinacional i capdavantera en el sector. Disseny web: Disculpi Studio de Vilafranca. Cookies.\" \/>\n<meta name=\"robots\" content=\"index, follow, max-snippet:-1, max-image-preview:large, max-video-preview:-1\" \/>\n<link rel=\"canonical\" href=\"https:\/\/vialpen.com\/nota-legal\/\" \/>\n<meta property=\"og:locale\" content=\"es_ES\" \/>\n<meta property=\"og:type\" content=\"article\" \/>\n<meta property=\"og:title\" content=\"Nota Legal - VIALPEN\" \/>\n<meta property=\"og:description\" content=\"VIALPEN est\u00e0 ubicada a Sant Cugat Sesgarrigues (Alt Pened\u00e8s) i es dedica a la col\u00b7locaci\u00f3 de tancament d\u2019alumini d\u2019alta qualitat, i per aix\u00f2 formem part de la xarxa d\u2019instal\u00b7ladors Reynaers Aluminium Experts, una empresa multinacional i capdavantera en el sector. Disseny web: Disculpi Studio de Vilafranca. Cookies.\" \/>\n<meta property=\"og:url\" content=\"https:\/\/vialpen.com\/nota-legal\/\" \/>\n<meta property=\"og:site_name\" content=\"VIALPEN 2000, sl\" \/>\n<meta property=\"article:modified_time\" content=\"2020-01-23T11:53:19+00:00\" \/>\n<meta name=\"twitter:label1\" content=\"Tiempo de lectura\" \/>\n\t<meta name=\"twitter:data1\" content=\"7 minutos\" \/>\n<script type=\"application\/ld+json\" class=\"yoast-schema-graph\">{\"@context\":\"https:\\\/\\\/schema.org\",\"@graph\":[{\"@type\":\"WebPage\",\"@id\":\"https:\\\/\\\/vialpen.com\\\/nota-legal\\\/\",\"url\":\"https:\\\/\\\/vialpen.com\\\/nota-legal\\\/\",\"name\":\"Nota Legal - VIALPEN\",\"isPartOf\":{\"@id\":\"https:\\\/\\\/vialpen.com\\\/#website\"},\"datePublished\":\"2015-07-31T12:08:06+00:00\",\"dateModified\":\"2020-01-23T11:53:19+00:00\",\"description\":\"VIALPEN est\u00e0 ubicada a Sant Cugat Sesgarrigues (Alt Pened\u00e8s) i es dedica a la col\u00b7locaci\u00f3 de tancament d\u2019alumini d\u2019alta qualitat, i per aix\u00f2 formem part de la xarxa d\u2019instal\u00b7ladors Reynaers Aluminium Experts, una empresa multinacional i capdavantera en el sector. Disseny web: Disculpi Studio de Vilafranca. Cookies.\",\"breadcrumb\":{\"@id\":\"https:\\\/\\\/vialpen.com\\\/nota-legal\\\/#breadcrumb\"},\"inLanguage\":\"es\",\"potentialAction\":[{\"@type\":\"ReadAction\",\"target\":[\"https:\\\/\\\/vialpen.com\\\/nota-legal\\\/\"]}]},{\"@type\":\"BreadcrumbList\",\"@id\":\"https:\\\/\\\/vialpen.com\\\/nota-legal\\\/#breadcrumb\",\"itemListElement\":[{\"@type\":\"ListItem\",\"position\":1,\"name\":\"Inici\",\"item\":\"https:\\\/\\\/vialpen.com\\\/\"},{\"@type\":\"ListItem\",\"position\":2,\"name\":\"Nota legal\"}]},{\"@type\":\"WebSite\",\"@id\":\"https:\\\/\\\/vialpen.com\\\/#website\",\"url\":\"https:\\\/\\\/vialpen.com\\\/\",\"name\":\"VIALPEN 2000, sl\",\"description\":\"Instal\u00b7lacions de vidre, alumini i PVC\",\"potentialAction\":[{\"@type\":\"SearchAction\",\"target\":{\"@type\":\"EntryPoint\",\"urlTemplate\":\"https:\\\/\\\/vialpen.com\\\/?s={search_term_string}\"},\"query-input\":{\"@type\":\"PropertyValueSpecification\",\"valueRequired\":true,\"valueName\":\"search_term_string\"}}],\"inLanguage\":\"es\"}]}<\/script>\n<!-- \/ Yoast SEO plugin. -->","yoast_head_json":{"title":"Nota Legal - VIALPEN","description":"VIALPEN est\u00e0 ubicada a Sant Cugat Sesgarrigues (Alt Pened\u00e8s) i es dedica a la col\u00b7locaci\u00f3 de tancament d\u2019alumini d\u2019alta qualitat, i per aix\u00f2 formem part de la xarxa d\u2019instal\u00b7ladors Reynaers Aluminium Experts, una empresa multinacional i capdavantera en el sector. Disseny web: Disculpi Studio de Vilafranca. Cookies.","robots":{"index":"index","follow":"follow","max-snippet":"max-snippet:-1","max-image-preview":"max-image-preview:large","max-video-preview":"max-video-preview:-1"},"canonical":"https:\/\/vialpen.com\/nota-legal\/","og_locale":"es_ES","og_type":"article","og_title":"Nota Legal - VIALPEN","og_description":"VIALPEN est\u00e0 ubicada a Sant Cugat Sesgarrigues (Alt Pened\u00e8s) i es dedica a la col\u00b7locaci\u00f3 de tancament d\u2019alumini d\u2019alta qualitat, i per aix\u00f2 formem part de la xarxa d\u2019instal\u00b7ladors Reynaers Aluminium Experts, una empresa multinacional i capdavantera en el sector. Disseny web: Disculpi Studio de Vilafranca. Cookies.","og_url":"https:\/\/vialpen.com\/nota-legal\/","og_site_name":"VIALPEN 2000, sl","article_modified_time":"2020-01-23T11:53:19+00:00","twitter_misc":{"Tiempo de lectura":"7 minutos"},"schema":{"@context":"https:\/\/schema.org","@graph":[{"@type":"WebPage","@id":"https:\/\/vialpen.com\/nota-legal\/","url":"https:\/\/vialpen.com\/nota-legal\/","name":"Nota Legal - VIALPEN","isPartOf":{"@id":"https:\/\/vialpen.com\/#website"},"datePublished":"2015-07-31T12:08:06+00:00","dateModified":"2020-01-23T11:53:19+00:00","description":"VIALPEN est\u00e0 ubicada a Sant Cugat Sesgarrigues (Alt Pened\u00e8s) i es dedica a la col\u00b7locaci\u00f3 de tancament d\u2019alumini d\u2019alta qualitat, i per aix\u00f2 formem part de la xarxa d\u2019instal\u00b7ladors Reynaers Aluminium Experts, una empresa multinacional i capdavantera en el sector. Disseny web: Disculpi Studio de Vilafranca. Cookies.","breadcrumb":{"@id":"https:\/\/vialpen.com\/nota-legal\/#breadcrumb"},"inLanguage":"es","potentialAction":[{"@type":"ReadAction","target":["https:\/\/vialpen.com\/nota-legal\/"]}]},{"@type":"BreadcrumbList","@id":"https:\/\/vialpen.com\/nota-legal\/#breadcrumb","itemListElement":[{"@type":"ListItem","position":1,"name":"Inici","item":"https:\/\/vialpen.com\/"},{"@type":"ListItem","position":2,"name":"Nota legal"}]},{"@type":"WebSite","@id":"https:\/\/vialpen.com\/#website","url":"https:\/\/vialpen.com\/","name":"VIALPEN 2000, sl","description":"Instal\u00b7lacions de vidre, alumini i PVC","potentialAction":[{"@type":"SearchAction","target":{"@type":"EntryPoint","urlTemplate":"https:\/\/vialpen.com\/?s={search_term_string}"},"query-input":{"@type":"PropertyValueSpecification","valueRequired":true,"valueName":"search_term_string"}}],"inLanguage":"es"}]}},"_links":{"self":[{"href":"https:\/\/vialpen.com\/es\/wp-json\/wp\/v2\/pages\/175","targetHints":{"allow":["GET"]}}],"collection":[{"href":"https:\/\/vialpen.com\/es\/wp-json\/wp\/v2\/pages"}],"about":[{"href":"https:\/\/vialpen.com\/es\/wp-json\/wp\/v2\/types\/page"}],"author":[{"embeddable":true,"href":"https:\/\/vialpen.com\/es\/wp-json\/wp\/v2\/users\/1"}],"replies":[{"embeddable":true,"href":"https:\/\/vialpen.com\/es\/wp-json\/wp\/v2\/comments?post=175"}],"version-history":[{"count":5,"href":"https:\/\/vialpen.com\/es\/wp-json\/wp\/v2\/pages\/175\/revisions"}],"predecessor-version":[{"id":631,"href":"https:\/\/vialpen.com\/es\/wp-json\/wp\/v2\/pages\/175\/revisions\/631"}],"wp:attachment":[{"href":"https:\/\/vialpen.com\/es\/wp-json\/wp\/v2\/media?parent=175"}],"curies":[{"name":"wp","href":"https:\/\/api.w.org\/{rel}","templated":true}]}}