{"id":178,"date":"2015-07-31T12:38:33","date_gmt":"2015-07-31T12:38:33","guid":{"rendered":"http:\/\/vialpen.com\/?page_id=178"},"modified":"2018-04-30T13:44:00","modified_gmt":"2018-04-30T13:44:00","slug":"cookies","status":"publish","type":"page","link":"https:\/\/vialpen.com\/es\/cookies\/","title":{"rendered":"Cookies"},"content":{"rendered":"<div id=\"pl-178\"  class=\"panel-layout\" ><div id=\"pg-178-0\"  class=\"panel-grid panel-no-style\" ><div id=\"pgc-178-0-0\"  class=\"panel-grid-cell\" ><div id=\"panel-178-0-0-0\" class=\"so-panel widget widget_black-studio-tinymce widget_black_studio_tinymce panel-first-child\" data-index=\"0\" ><div class=\"textwidget\"><h4 class=\"item-conditions\">Les galetes s\u00f3n petits fitxers de dades que es generen a l'ordinador de l'Usuari i que permeten que sigui el mateix Usuari qui emmagatzemi la informaci\u00f3 que genera la seva activitat a la xarxa.<\/h4>\n<h4 class=\"item-conditions\">\u00a0<\/h4>\n<h4 class=\"item-conditions\">Aquest Lloc Web pot utilitzar les galetes seg\u00fcents:<\/h4>\n<p>\u00a0<\/p>\n<h4 class=\"item-conditions\"><span style=\"text-decoration: underline;\"><strong>Galetes de sessi\u00f3<\/strong><\/span><\/h4>\n<h4 class=\"item-conditions\">Les galetes de sessi\u00f3 s\u00f3n memoritzades i \u00fanicament tenen validesa temporal i, per tant, no enregistren de manera permanent cap informaci\u00f3 al disc dur de l'ordinador. Aquestes galetes permeten emmagatzemar la informaci\u00f3 relacionada amb l'inici de sessi\u00f3 de cada usuari.<\/h4>\n<p>\u00a0<\/p>\n<h4 class=\"item-conditions\"><span style=\"text-decoration: underline;\"><strong>Galetes de navegaci\u00f3<\/strong><\/span><\/h4>\n<h4 class=\"item-conditions\">L'objectiu principal de les galetes de navegaci\u00f3 \u00e9s evitar oferir recomanacions no afins als interessos dels usuaris i oferir propostes comercials dirigides i personalitzades.<\/h4>\n<h4 class=\"item-conditions\">Aquestes galetes de navegaci\u00f3 basen la seva utilitat en el seguiment temporal de la navegaci\u00f3 per Internet. L'Usuari t\u00e9 la possibilitat d'eliminar aquest tipus de galetes abans d'iniciar la navegaci\u00f3 per altres p\u00e0gines del Lloc Web.<\/h4>\n<h4 class=\"item-conditions\"><strong>Galetes estad\u00edstiques<\/strong><\/h4>\n<h4 class=\"item-conditions\">Les galetes estad\u00edstiques permeten con\u00e8ixer la informaci\u00f3 seg\u00fcent:<\/h4>\n<h4 class=\"item-conditions\">- La data i l'hora de l'\u00faltima vegada que l'Usuari va visitar el nostre Lloc Web.<\/h4>\n<h4 class=\"item-conditions\">- L'acc\u00e9s als continguts que l'Usuari va escollir a la seva \u00faltima visita al nostre Lloc Web.<\/h4>\n<h4 class=\"item-conditions\">Per fer les estad\u00edstiques d'\u00fas del nostre Lloc Web utilitzem eines estad\u00edstiques amb un abast limitat a les funcions descrites al par\u00e0graf anterior i amb la finalitat de con\u00e8ixer el nivell de recurr\u00e8ncia dels nostres visitants i els continguts que resulten m\u00e9s interessants. D'aquesta manera podem concentrar els nostres esfor\u00e7os a millorar les \u00e0rees m\u00e9s visitades i fer que l'usuari trobi m\u00e9s f\u00e0cilment el que busca.<\/h4>\n<h4 class=\"item-conditions\">El Lloc Web pot utilitzar la informaci\u00f3 de la seva visita per fer avaluacions i c\u00e0lculs estad\u00edstics sobre dades an\u00f2nimes, aix\u00ed com per garantir la continu\u00eftat del servei o per fer millores als seus llocs web. Aquesta informaci\u00f3 no s'utilitzar\u00e0 amb cap altra finalitat.<\/h4>\n<p>\u00a0<\/p>\n<h4 class=\"item-conditions\"><span style=\"text-decoration: underline;\"><strong>Galetes de tercers<\/strong><\/span><\/h4>\n<h4 class=\"item-conditions\">El lloc web tamb\u00e9 pot instal\u2022lar galetes de tercers que permeten gestionar i millorar els serveis que aquests llocs ofereixen. Un exemple d'aquest \u00fas s\u00f3n els serveis de Google Analytics.<\/h4>\n<\/div><\/div><div id=\"panel-178-0-0-1\" class=\"so-panel widget widget_text panel-last-child\" data-index=\"1\" >\t\t\t<div class=\"textwidget\"><script>\n  (function(i,s,o,g,r,a,m){i['GoogleAnalyticsObject']=r;i[r]=i[r]||function(){\n  (i[r].q=i[r].q||[]).push(arguments)},i[r].l=1*new Date();a=s.createElement(o),\n  m=s.getElementsByTagName(o)[0];a.async=1;a.src=g;m.parentNode.insertBefore(a,m)\n  })(window,document,'script','\/\/www.google-analytics.com\/analytics.js','ga');\n\n  ga('create', 'UA-38263364-5', 'auto');\n  ga('send', 'pageview');\n\n<\/script><\/div>\n\t\t<\/div><\/div><\/div><\/div>","protected":false},"excerpt":{"rendered":"<p>Les galetes s\u00f3n petits fitxers de dades que es generen a l&#8217;ordinador de l&#8217;Usuari i que permeten que sigui el &hellip; <a class=\"kt-excerpt-readmore\" href=\"https:\/\/vialpen.com\/es\/cookies\/\" aria-label=\"Cookies\">Llegir m\u00e9s<\/a><\/p>\n","protected":false},"author":1,"featured_media":0,"parent":0,"menu_order":0,"comment_status":"closed","ping_status":"closed","template":"page-fullwidth.php","meta":{"footnotes":""},"class_list":["post-178","page","type-page","status-publish","hentry"],"yoast_head":"<!-- This site is optimized with the Yoast SEO plugin v27.5 - https:\/\/yoast.com\/product\/yoast-seo-wordpress\/ -->\n<title>Galetes - VIALPEN<\/title>\n<meta name=\"description\" content=\"VIALPEN est\u00e0 ubicada a Sant Cugat Sesgarrigues (Alt Pened\u00e8s) i es dedica a la col\u00b7locaci\u00f3 de tancament d\u2019alumini d\u2019alta qualitat, i per aix\u00f2 formem part de la xarxa d\u2019instal\u00b7ladors Reynaers Aluminium Experts, una empresa multinacional i capdavantera en el sector. Disseny web: Disculpi Studio de Vilafranca. Cookies.\" \/>\n<meta name=\"robots\" content=\"index, follow, max-snippet:-1, max-image-preview:large, max-video-preview:-1\" \/>\n<link rel=\"canonical\" href=\"https:\/\/vialpen.com\/es\/cookies\/\" \/>\n<meta property=\"og:locale\" content=\"es_ES\" \/>\n<meta property=\"og:type\" content=\"article\" \/>\n<meta property=\"og:title\" content=\"Galetes - VIALPEN\" \/>\n<meta property=\"og:description\" content=\"VIALPEN est\u00e0 ubicada a Sant Cugat Sesgarrigues (Alt Pened\u00e8s) i es dedica a la col\u00b7locaci\u00f3 de tancament d\u2019alumini d\u2019alta qualitat, i per aix\u00f2 formem part de la xarxa d\u2019instal\u00b7ladors Reynaers Aluminium Experts, una empresa multinacional i capdavantera en el sector. Disseny web: Disculpi Studio de Vilafranca. Cookies.\" \/>\n<meta property=\"og:url\" content=\"https:\/\/vialpen.com\/es\/cookies\/\" \/>\n<meta property=\"og:site_name\" content=\"VIALPEN 2000, sl\" \/>\n<meta property=\"article:modified_time\" content=\"2018-04-30T13:44:00+00:00\" \/>\n<meta name=\"twitter:label1\" content=\"Tiempo de lectura\" \/>\n\t<meta name=\"twitter:data1\" content=\"2 minutos\" \/>\n<script type=\"application\/ld+json\" class=\"yoast-schema-graph\">{\"@context\":\"https:\\\/\\\/schema.org\",\"@graph\":[{\"@type\":\"WebPage\",\"@id\":\"https:\\\/\\\/vialpen.com\\\/es\\\/cookies\\\/\",\"url\":\"https:\\\/\\\/vialpen.com\\\/es\\\/cookies\\\/\",\"name\":\"Galetes - VIALPEN\",\"isPartOf\":{\"@id\":\"https:\\\/\\\/vialpen.com\\\/#website\"},\"datePublished\":\"2015-07-31T12:38:33+00:00\",\"dateModified\":\"2018-04-30T13:44:00+00:00\",\"description\":\"VIALPEN est\u00e0 ubicada a Sant Cugat Sesgarrigues (Alt Pened\u00e8s) i es dedica a la col\u00b7locaci\u00f3 de tancament d\u2019alumini d\u2019alta qualitat, i per aix\u00f2 formem part de la xarxa d\u2019instal\u00b7ladors Reynaers Aluminium Experts, una empresa multinacional i capdavantera en el sector. Disseny web: Disculpi Studio de Vilafranca. Cookies.\",\"breadcrumb\":{\"@id\":\"https:\\\/\\\/vialpen.com\\\/es\\\/cookies\\\/#breadcrumb\"},\"inLanguage\":\"es\",\"potentialAction\":[{\"@type\":\"ReadAction\",\"target\":[\"https:\\\/\\\/vialpen.com\\\/es\\\/cookies\\\/\"]}]},{\"@type\":\"BreadcrumbList\",\"@id\":\"https:\\\/\\\/vialpen.com\\\/es\\\/cookies\\\/#breadcrumb\",\"itemListElement\":[{\"@type\":\"ListItem\",\"position\":1,\"name\":\"Inici\",\"item\":\"https:\\\/\\\/vialpen.com\\\/\"},{\"@type\":\"ListItem\",\"position\":2,\"name\":\"Cookies\"}]},{\"@type\":\"WebSite\",\"@id\":\"https:\\\/\\\/vialpen.com\\\/#website\",\"url\":\"https:\\\/\\\/vialpen.com\\\/\",\"name\":\"VIALPEN 2000, sl\",\"description\":\"Instal\u00b7lacions de vidre, alumini i PVC\",\"potentialAction\":[{\"@type\":\"SearchAction\",\"target\":{\"@type\":\"EntryPoint\",\"urlTemplate\":\"https:\\\/\\\/vialpen.com\\\/?s={search_term_string}\"},\"query-input\":{\"@type\":\"PropertyValueSpecification\",\"valueRequired\":true,\"valueName\":\"search_term_string\"}}],\"inLanguage\":\"es\"}]}<\/script>\n<!-- \/ Yoast SEO plugin. -->","yoast_head_json":{"title":"Galetes - VIALPEN","description":"VIALPEN est\u00e0 ubicada a Sant Cugat Sesgarrigues (Alt Pened\u00e8s) i es dedica a la col\u00b7locaci\u00f3 de tancament d\u2019alumini d\u2019alta qualitat, i per aix\u00f2 formem part de la xarxa d\u2019instal\u00b7ladors Reynaers Aluminium Experts, una empresa multinacional i capdavantera en el sector. Disseny web: Disculpi Studio de Vilafranca. Cookies.","robots":{"index":"index","follow":"follow","max-snippet":"max-snippet:-1","max-image-preview":"max-image-preview:large","max-video-preview":"max-video-preview:-1"},"canonical":"https:\/\/vialpen.com\/es\/cookies\/","og_locale":"es_ES","og_type":"article","og_title":"Galetes - VIALPEN","og_description":"VIALPEN est\u00e0 ubicada a Sant Cugat Sesgarrigues (Alt Pened\u00e8s) i es dedica a la col\u00b7locaci\u00f3 de tancament d\u2019alumini d\u2019alta qualitat, i per aix\u00f2 formem part de la xarxa d\u2019instal\u00b7ladors Reynaers Aluminium Experts, una empresa multinacional i capdavantera en el sector. Disseny web: Disculpi Studio de Vilafranca. Cookies.","og_url":"https:\/\/vialpen.com\/es\/cookies\/","og_site_name":"VIALPEN 2000, sl","article_modified_time":"2018-04-30T13:44:00+00:00","twitter_misc":{"Tiempo de lectura":"2 minutos"},"schema":{"@context":"https:\/\/schema.org","@graph":[{"@type":"WebPage","@id":"https:\/\/vialpen.com\/es\/cookies\/","url":"https:\/\/vialpen.com\/es\/cookies\/","name":"Galetes - VIALPEN","isPartOf":{"@id":"https:\/\/vialpen.com\/#website"},"datePublished":"2015-07-31T12:38:33+00:00","dateModified":"2018-04-30T13:44:00+00:00","description":"VIALPEN est\u00e0 ubicada a Sant Cugat Sesgarrigues (Alt Pened\u00e8s) i es dedica a la col\u00b7locaci\u00f3 de tancament d\u2019alumini d\u2019alta qualitat, i per aix\u00f2 formem part de la xarxa d\u2019instal\u00b7ladors Reynaers Aluminium Experts, una empresa multinacional i capdavantera en el sector. Disseny web: Disculpi Studio de Vilafranca. Cookies.","breadcrumb":{"@id":"https:\/\/vialpen.com\/es\/cookies\/#breadcrumb"},"inLanguage":"es","potentialAction":[{"@type":"ReadAction","target":["https:\/\/vialpen.com\/es\/cookies\/"]}]},{"@type":"BreadcrumbList","@id":"https:\/\/vialpen.com\/es\/cookies\/#breadcrumb","itemListElement":[{"@type":"ListItem","position":1,"name":"Inici","item":"https:\/\/vialpen.com\/"},{"@type":"ListItem","position":2,"name":"Cookies"}]},{"@type":"WebSite","@id":"https:\/\/vialpen.com\/#website","url":"https:\/\/vialpen.com\/","name":"VIALPEN 2000, sl","description":"Instal\u00b7lacions de vidre, alumini i PVC","potentialAction":[{"@type":"SearchAction","target":{"@type":"EntryPoint","urlTemplate":"https:\/\/vialpen.com\/?s={search_term_string}"},"query-input":{"@type":"PropertyValueSpecification","valueRequired":true,"valueName":"search_term_string"}}],"inLanguage":"es"}]}},"_links":{"self":[{"href":"https:\/\/vialpen.com\/es\/wp-json\/wp\/v2\/pages\/178","targetHints":{"allow":["GET"]}}],"collection":[{"href":"https:\/\/vialpen.com\/es\/wp-json\/wp\/v2\/pages"}],"about":[{"href":"https:\/\/vialpen.com\/es\/wp-json\/wp\/v2\/types\/page"}],"author":[{"embeddable":true,"href":"https:\/\/vialpen.com\/es\/wp-json\/wp\/v2\/users\/1"}],"replies":[{"embeddable":true,"href":"https:\/\/vialpen.com\/es\/wp-json\/wp\/v2\/comments?post=178"}],"version-history":[{"count":3,"href":"https:\/\/vialpen.com\/es\/wp-json\/wp\/v2\/pages\/178\/revisions"}],"predecessor-version":[{"id":392,"href":"https:\/\/vialpen.com\/es\/wp-json\/wp\/v2\/pages\/178\/revisions\/392"}],"wp:attachment":[{"href":"https:\/\/vialpen.com\/es\/wp-json\/wp\/v2\/media?parent=178"}],"curies":[{"name":"wp","href":"https:\/\/api.w.org\/{rel}","templated":true}]}}