{"id":209,"date":"2015-07-31T15:27:30","date_gmt":"2015-07-31T15:27:30","guid":{"rendered":"http:\/\/vialpen.com\/?page_id=209"},"modified":"2019-06-11T08:23:48","modified_gmt":"2019-06-11T08:23:48","slug":"finestres","status":"publish","type":"page","link":"https:\/\/vialpen.com\/es\/finestres\/","title":{"rendered":"Finestres"},"content":{"rendered":"<div id=\"pl-209\"  class=\"panel-layout\" ><div id=\"pg-209-0\"  class=\"panel-grid panel-has-style\" ><div class=\"panel-widget-style panel-row-style panel-row-style-for-209-0\" ><div id=\"pgc-209-0-0\"  class=\"panel-grid-cell\" ><div id=\"panel-209-0-0-0\" class=\"so-panel widget widget_black-studio-tinymce widget_black_studio_tinymce panel-first-child panel-last-child\" data-index=\"0\" ><div class=\"textwidget\"><h3><span style=\"font-family: Arial,Helvetica,sans-serif; font-size: small;\"><div tabindex=\"0\" class=\"cycloneslider cycloneslider-template-standard cycloneslider-width-responsive\" id=\"cycloneslider-cs-77-1\" style=\"max-width:960px\" > <div class=\"cycloneslider-slides cycle-slideshow\" data-cycle-allow-wrap=\"true\" data-cycle-dynamic-height=\"off\" data-cycle-auto-height=\"960:600\" data-cycle-auto-height-easing=\"null\" data-cycle-auto-height-speed=\"250\" data-cycle-delay=\"0\" data-cycle-easing=\"\" data-cycle-fx=\"fade\" data-cycle-hide-non-active=\"true\" data-cycle-log=\"false\" data-cycle-next=\"#cycloneslider-cs-77-1 .cycloneslider-next\" data-cycle-pager=\"#cycloneslider-cs-77-1 .cycloneslider-pager\" data-cycle-pause-on-hover=\"true\" data-cycle-prev=\"#cycloneslider-cs-77-1 .cycloneslider-prev\" data-cycle-slides=\"&gt; div\" data-cycle-speed=\"1000\" data-cycle-swipe=\"false\" data-cycle-tile-count=\"7\" data-cycle-tile-delay=\"100\" data-cycle-tile-vertical=\"true\" data-cycle-timeout=\"4000\" > <div class=\"cycloneslider-slide cycloneslider-slide-image\" > <img decoding=\"async\" src=\"https:\/\/vialpen.com\/wp-content\/uploads\/2019\/06\/cs77-ventana-windows-960x600.png\" alt=\"\" title=\"\" \/> <\/div> <div class=\"cycloneslider-slide cycloneslider-slide-image\" > <img decoding=\"async\" src=\"https:\/\/vialpen.com\/wp-content\/uploads\/2019\/06\/cs77-ventana-windows-vialpen-960x600.png\" alt=\"\" title=\"\" \/> <\/div> <div class=\"cycloneslider-slide cycloneslider-slide-image\" > <img decoding=\"async\" src=\"https:\/\/vialpen.com\/wp-content\/uploads\/2019\/06\/cs77-ventana-windows-vialpen-xavi-960x600.png\" alt=\"\" title=\"\" \/> <\/div> <div class=\"cycloneslider-slide cycloneslider-slide-image\" > <img decoding=\"async\" src=\"https:\/\/vialpen.com\/wp-content\/uploads\/2019\/06\/cs77-ventana-windows-barcelona-960x600.png\" alt=\"\" title=\"\" \/> <\/div> <div class=\"cycloneslider-slide cycloneslider-slide-image\" > <img decoding=\"async\" src=\"https:\/\/vialpen.com\/wp-content\/uploads\/2019\/06\/cs77-ventana-window-960x600.png\" alt=\"\" title=\"\" \/> <\/div> <\/div> <div class=\"cycloneslider-pager\"><\/div> <a href=\"#\" class=\"cycloneslider-prev\"> <span class=\"arrow\"><\/span> <\/a> <a href=\"#\" class=\"cycloneslider-next\"> <span class=\"arrow\"><\/span> <\/a> <\/div><\/span><\/h3>\n<\/div><\/div><\/div><div id=\"pgc-209-0-1\"  class=\"panel-grid-cell\" ><div id=\"panel-209-0-1-0\" class=\"so-panel widget widget_black-studio-tinymce widget_black_studio_tinymce panel-first-child panel-last-child\" data-index=\"1\" ><h3 class=\"widget-title\">CS 77 Seguridad y confort \u00f3ptimo<\/h3><div class=\"textwidget\"><p>El Concept System\u00ae 77 es un sistema de alto aislamiento para ventanas que cumple con elevados requisitos de aislamiento t\u00e9rmico, estabilidad y seguridad. Anticip\u00e1ndose a los requisitos t\u00e9rmicos, el valor de aislamiento (Uf) para este sistema se reduce a 1,6 W\/m\u00b2 K para una ventana de apertura est\u00e1ndar. El concepto \u00fanico del sistema hace que sea perfectamente adecuado para acristalamientos triples, que permite al CS 77 lograr incluso la etiqueta energ\u00e9tica suiza Minergie\u00ae.<\/p>\n<p>El sistema ha sido ensayado a aislamiento ac\u00fastico, estanqueidad al agua y al aire, pero tambi\u00e9n para aplicaciones espec\u00edficas como antibala y resistencia al fuego, cumpliendo con las normas Europeas m\u00e1s severas. Adem\u00e1s, las ventanas CS77 est\u00e1n disponibles en diferentes niveles de resistencia antirrobo (clases 2 y 3) que lo convierten en un sistema extremadamente seguro.<\/p>\n<p>Para adaptarse a los diferentes tipos de edificios, el sistema est\u00e1 disponible en una variedad de estilos est\u00e9ticos: Funcional, Renacimiento y Hoja Oculta.<\/p>\n<p>El sistema CS 77 incluye la gama m\u00e1s completa de soluciones para todo tipo de ventanas de apertura interior y exterior. Sus diferentes posibilidades de combinaci\u00f3n, con puertas CS 77, correderas CP 130 y ventilaci\u00f3n Ventalis, convierte al CS 77 en un sistema adecuado para todo tipo de conceptos de construcci\u00f3n, incluso aquellos con los m\u00e1s altos requisitos de seguridad.<\/p>\n<p><a href=\"https:\/\/www.reynaers.es\/es-ES\/particulares\/extranet\/files\/product\/brochures\/cs77_sp.pdf\" target=\"_blank\" rel=\"noopener\">M\u00e9s info<\/a><\/p>\n<h3><span style=\"font-family: Arial,Helvetica,sans-serif; font-size: small;\">\u00a0<\/span><\/h3>\n<\/div><\/div><\/div><\/div><\/div><div id=\"pg-209-1\"  class=\"panel-grid panel-has-style\" ><div class=\"panel-widget-style panel-row-style panel-row-style-for-209-1\" ><div id=\"pgc-209-1-0\"  class=\"panel-grid-cell\" ><div id=\"panel-209-1-0-0\" class=\"so-panel widget widget_virtue_about_with_image virtue_about_with_image panel-first-child panel-last-child\" data-index=\"2\" ><div class=\"kad_img_upload_widget kt-shape-type- kt-image-align-center kt-image-widget-widget-1-0-0\"><div class=\"kt-image-contain  \"><div class=\"kt-image-inner-contain\"><img decoding=\"async\" src=\"http:\/\/vialpen.com\/wp-content\/uploads\/2015\/07\/av40.jpg\" alt=\"\"><\/div><\/div><\/div><\/div><\/div><div id=\"pgc-209-1-1\"  class=\"panel-grid-cell\" ><div id=\"panel-209-1-1-0\" class=\"so-panel widget widget_black-studio-tinymce widget_black_studio_tinymce panel-first-child panel-last-child\" data-index=\"3\" ><h3 class=\"widget-title\">AV-40 M\u00faltiples solucions per a portes i finestres<\/h3><div class=\"textwidget\"><h3><span style=\"font-family: Arial,Helvetica,sans-serif; font-size: small;\">Fusteria econ\u00f2mica de qualitat sense trencament de pont t\u00e8rmic. Destaquen les seves grans possibilitats i permet tota classe d'obertures: practicables, abatibles, oscil\u00b7lobatents. Alta estanque\u00eftat per doble junta de tancament perimetral.<\/span><\/h3>\n<\/div><\/div><\/div><\/div><\/div><div id=\"pg-209-2\"  class=\"panel-grid panel-has-style\" ><div class=\"panel-widget-style panel-row-style panel-row-style-for-209-2\" ><div id=\"pgc-209-2-0\"  class=\"panel-grid-cell\" ><div id=\"panel-209-2-0-0\" class=\"so-panel widget widget_virtue_about_with_image virtue_about_with_image panel-first-child panel-last-child\" data-index=\"4\" ><div class=\"kad_img_upload_widget kt-shape-type- kt-image-align-center kt-image-widget-widget-2-0-0\"><div class=\"kt-image-contain  \"><div class=\"kt-image-inner-contain\"><img decoding=\"async\" src=\"http:\/\/vialpen.com\/wp-content\/uploads\/2015\/07\/cs38sl.jpg\" alt=\"\"><\/div><\/div><\/div><\/div><\/div><div id=\"pgc-209-2-1\"  class=\"panel-grid-cell\" ><div id=\"panel-209-2-1-0\" class=\"so-panel widget widget_black-studio-tinymce widget_black_studio_tinymce panel-first-child panel-last-child\" data-index=\"5\" ><h3 class=\"widget-title\">CS 38 SL el m\u00e9s estret i est\u00e8tic dels perfils<\/h3><div class=\"textwidget\"><h3><span style=\"font-family: Arial,Helvetica,sans-serif; font-size: small;\"><span style=\"font-family: Arial,Helvetica,sans-serif; font-size: small;\">La m\u00e9s est\u00e8tica i prima fusteria amb trencament de pont t\u00e8rmic. Amb una amplada m\u00ednima de nom\u00e9s 38 mm, el seu contorn trapezo\u00efdal i el seu envidriat, aquest sistema combina eleg\u00e0ncia i robustesa amb els millors resultats. Ideal per a qualsevol aplicaci\u00f3 en la que es desitgi la major superf\u00edcie envidriada possible.<\/span><\/span><\/h3>\n<\/div><\/div><\/div><\/div><\/div><div id=\"pg-209-3\"  class=\"panel-grid panel-has-style\" ><div class=\"panel-widget-style panel-row-style panel-row-style-for-209-3\" ><div id=\"pgc-209-3-0\"  class=\"panel-grid-cell\" ><div id=\"panel-209-3-0-0\" class=\"so-panel widget widget_virtue_about_with_image virtue_about_with_image panel-first-child panel-last-child\" data-index=\"6\" ><div class=\"kad_img_upload_widget kt-shape-type- kt-image-align-center kt-image-widget-widget-3-0-0\"><div class=\"kt-image-contain  \"><div class=\"kt-image-inner-contain\"><img decoding=\"async\" src=\"http:\/\/vialpen.com\/wp-content\/uploads\/2015\/07\/cs68.jpg\" alt=\"\"><\/div><\/div><\/div><\/div><\/div><div id=\"pgc-209-3-1\"  class=\"panel-grid-cell\" ><div id=\"panel-209-3-1-0\" class=\"so-panel widget widget_black-studio-tinymce widget_black_studio_tinymce panel-first-child\" data-index=\"7\" ><h3 class=\"widget-title\">CS 68 el nou est\u00e0ndard per a portes i finestres<\/h3><div class=\"textwidget\"><h3><span style=\"font-family: Arial,Helvetica,sans-serif; font-size: small;\"><span style=\"font-family: Arial,Helvetica,sans-serif; font-size: small;\">Sistema compacte de fusteria de perfils amb trencament de pont t\u00e8rmic. Els perfils tenen tres c\u00e0mares el que proporciona una alta estabilitat i un excel\u00b7lent a\u00efllament. Permet tota classe d'obertures interior i exterior: practicables, abatibles, oscil\u00b7lobatents, portes de 1 i 2 fulles, ...Disponible en versions Funcional (recta), Softline (arrodonida), Renaixament (amb relleus) o Fulla Oculta (el perfil de la fulla no es visible des de l'exterior).<\/span><\/span><\/h3>\n<\/div><\/div><div id=\"panel-209-3-1-1\" class=\"so-panel widget widget_text panel-last-child\" data-index=\"8\" >\t\t\t<div class=\"textwidget\"><script>\n  (function(i,s,o,g,r,a,m){i['GoogleAnalyticsObject']=r;i[r]=i[r]||function(){\n  (i[r].q=i[r].q||[]).push(arguments)},i[r].l=1*new Date();a=s.createElement(o),\n  m=s.getElementsByTagName(o)[0];a.async=1;a.src=g;m.parentNode.insertBefore(a,m)\n  })(window,document,'script','\/\/www.google-analytics.com\/analytics.js','ga');\n\n  ga('create', 'UA-38263364-5', 'auto');\n  ga('send', 'pageview');\n\n<\/script><\/div>\n\t\t<\/div><\/div><\/div><\/div><\/div>","protected":false},"excerpt":{"rendered":"<p>El Concept System\u00ae 77 es un sistema de alto aislamiento para ventanas que cumple con elevados requisitos de aislamiento t\u00e9rmico, &hellip; <a class=\"kt-excerpt-readmore\" href=\"https:\/\/vialpen.com\/es\/finestres\/\" aria-label=\"Finestres\">Llegir m\u00e9s<\/a><\/p>\n","protected":false},"author":1,"featured_media":0,"parent":0,"menu_order":0,"comment_status":"closed","ping_status":"closed","template":"page-fullwidth.php","meta":{"footnotes":""},"class_list":["post-209","page","type-page","status-publish","hentry"],"yoast_head":"<!-- This site is optimized with the Yoast SEO plugin v27.5 - https:\/\/yoast.com\/product\/yoast-seo-wordpress\/ -->\n<title>Finestres - VIALPEN<\/title>\n<meta name=\"description\" content=\"VIALPEN est\u00e0 ubicada a Sant Cugat Sesgarrigues (Alt Pened\u00e8s) i es dedica a la col\u00b7locaci\u00f3 de tancament d\u2019alumini d\u2019alta qualitat, i per aix\u00f2 formem part de la xarxa d\u2019instal\u00b7ladors Reynaers Aluminium Experts, una empresa multinacional i capdavantera en el sector. Disseny web: Disculpi Studio de Vilafranca. Cookies.\" \/>\n<meta name=\"robots\" content=\"index, follow, max-snippet:-1, max-image-preview:large, max-video-preview:-1\" \/>\n<link rel=\"canonical\" href=\"https:\/\/vialpen.com\/finestres\/\" \/>\n<meta property=\"og:locale\" content=\"es_ES\" \/>\n<meta property=\"og:type\" content=\"article\" \/>\n<meta property=\"og:title\" content=\"Finestres - VIALPEN\" \/>\n<meta property=\"og:description\" content=\"VIALPEN est\u00e0 ubicada a Sant Cugat Sesgarrigues (Alt Pened\u00e8s) i es dedica a la col\u00b7locaci\u00f3 de tancament d\u2019alumini d\u2019alta qualitat, i per aix\u00f2 formem part de la xarxa d\u2019instal\u00b7ladors Reynaers Aluminium Experts, una empresa multinacional i capdavantera en el sector. Disseny web: Disculpi Studio de Vilafranca. Cookies.\" \/>\n<meta property=\"og:url\" content=\"https:\/\/vialpen.com\/finestres\/\" \/>\n<meta property=\"og:site_name\" content=\"VIALPEN 2000, sl\" \/>\n<meta property=\"article:modified_time\" content=\"2019-06-11T08:23:48+00:00\" \/>\n<meta property=\"og:image\" content=\"https:\/\/vialpen.com\/wp-content\/uploads\/2019\/06\/cs77-ventana-windows-960x600.png\" \/>\n<meta name=\"twitter:label1\" content=\"Tiempo de lectura\" \/>\n\t<meta name=\"twitter:data1\" content=\"2 minutos\" \/>\n<script type=\"application\/ld+json\" class=\"yoast-schema-graph\">{\"@context\":\"https:\\\/\\\/schema.org\",\"@graph\":[{\"@type\":\"WebPage\",\"@id\":\"https:\\\/\\\/vialpen.com\\\/finestres\\\/\",\"url\":\"https:\\\/\\\/vialpen.com\\\/finestres\\\/\",\"name\":\"Finestres - VIALPEN\",\"isPartOf\":{\"@id\":\"https:\\\/\\\/vialpen.com\\\/#website\"},\"primaryImageOfPage\":{\"@id\":\"https:\\\/\\\/vialpen.com\\\/finestres\\\/#primaryimage\"},\"image\":{\"@id\":\"https:\\\/\\\/vialpen.com\\\/finestres\\\/#primaryimage\"},\"thumbnailUrl\":\"https:\\\/\\\/vialpen.com\\\/wp-content\\\/uploads\\\/2019\\\/06\\\/cs77-ventana-windows-960x600.png\",\"datePublished\":\"2015-07-31T15:27:30+00:00\",\"dateModified\":\"2019-06-11T08:23:48+00:00\",\"description\":\"VIALPEN est\u00e0 ubicada a Sant Cugat Sesgarrigues (Alt Pened\u00e8s) i es dedica a la col\u00b7locaci\u00f3 de tancament d\u2019alumini d\u2019alta qualitat, i per aix\u00f2 formem part de la xarxa d\u2019instal\u00b7ladors Reynaers Aluminium Experts, una empresa multinacional i capdavantera en el sector. Disseny web: Disculpi Studio de Vilafranca. Cookies.\",\"breadcrumb\":{\"@id\":\"https:\\\/\\\/vialpen.com\\\/finestres\\\/#breadcrumb\"},\"inLanguage\":\"es\",\"potentialAction\":[{\"@type\":\"ReadAction\",\"target\":[\"https:\\\/\\\/vialpen.com\\\/finestres\\\/\"]}]},{\"@type\":\"ImageObject\",\"inLanguage\":\"es\",\"@id\":\"https:\\\/\\\/vialpen.com\\\/finestres\\\/#primaryimage\",\"url\":\"https:\\\/\\\/vialpen.com\\\/wp-content\\\/uploads\\\/2019\\\/06\\\/cs77-ventana-windows-960x600.png\",\"contentUrl\":\"https:\\\/\\\/vialpen.com\\\/wp-content\\\/uploads\\\/2019\\\/06\\\/cs77-ventana-windows-960x600.png\"},{\"@type\":\"BreadcrumbList\",\"@id\":\"https:\\\/\\\/vialpen.com\\\/finestres\\\/#breadcrumb\",\"itemListElement\":[{\"@type\":\"ListItem\",\"position\":1,\"name\":\"Inici\",\"item\":\"https:\\\/\\\/vialpen.com\\\/\"},{\"@type\":\"ListItem\",\"position\":2,\"name\":\"Finestres\"}]},{\"@type\":\"WebSite\",\"@id\":\"https:\\\/\\\/vialpen.com\\\/#website\",\"url\":\"https:\\\/\\\/vialpen.com\\\/\",\"name\":\"VIALPEN 2000, sl\",\"description\":\"Instal\u00b7lacions de vidre, alumini i PVC\",\"potentialAction\":[{\"@type\":\"SearchAction\",\"target\":{\"@type\":\"EntryPoint\",\"urlTemplate\":\"https:\\\/\\\/vialpen.com\\\/?s={search_term_string}\"},\"query-input\":{\"@type\":\"PropertyValueSpecification\",\"valueRequired\":true,\"valueName\":\"search_term_string\"}}],\"inLanguage\":\"es\"}]}<\/script>\n<!-- \/ Yoast SEO plugin. -->","yoast_head_json":{"title":"Finestres - VIALPEN","description":"VIALPEN est\u00e0 ubicada a Sant Cugat Sesgarrigues (Alt Pened\u00e8s) i es dedica a la col\u00b7locaci\u00f3 de tancament d\u2019alumini d\u2019alta qualitat, i per aix\u00f2 formem part de la xarxa d\u2019instal\u00b7ladors Reynaers Aluminium Experts, una empresa multinacional i capdavantera en el sector. Disseny web: Disculpi Studio de Vilafranca. Cookies.","robots":{"index":"index","follow":"follow","max-snippet":"max-snippet:-1","max-image-preview":"max-image-preview:large","max-video-preview":"max-video-preview:-1"},"canonical":"https:\/\/vialpen.com\/finestres\/","og_locale":"es_ES","og_type":"article","og_title":"Finestres - VIALPEN","og_description":"VIALPEN est\u00e0 ubicada a Sant Cugat Sesgarrigues (Alt Pened\u00e8s) i es dedica a la col\u00b7locaci\u00f3 de tancament d\u2019alumini d\u2019alta qualitat, i per aix\u00f2 formem part de la xarxa d\u2019instal\u00b7ladors Reynaers Aluminium Experts, una empresa multinacional i capdavantera en el sector. Disseny web: Disculpi Studio de Vilafranca. Cookies.","og_url":"https:\/\/vialpen.com\/finestres\/","og_site_name":"VIALPEN 2000, sl","article_modified_time":"2019-06-11T08:23:48+00:00","og_image":[{"url":"https:\/\/vialpen.com\/wp-content\/uploads\/2019\/06\/cs77-ventana-windows-960x600.png","type":"","width":"","height":""}],"twitter_misc":{"Tiempo de lectura":"2 minutos"},"schema":{"@context":"https:\/\/schema.org","@graph":[{"@type":"WebPage","@id":"https:\/\/vialpen.com\/finestres\/","url":"https:\/\/vialpen.com\/finestres\/","name":"Finestres - VIALPEN","isPartOf":{"@id":"https:\/\/vialpen.com\/#website"},"primaryImageOfPage":{"@id":"https:\/\/vialpen.com\/finestres\/#primaryimage"},"image":{"@id":"https:\/\/vialpen.com\/finestres\/#primaryimage"},"thumbnailUrl":"https:\/\/vialpen.com\/wp-content\/uploads\/2019\/06\/cs77-ventana-windows-960x600.png","datePublished":"2015-07-31T15:27:30+00:00","dateModified":"2019-06-11T08:23:48+00:00","description":"VIALPEN est\u00e0 ubicada a Sant Cugat Sesgarrigues (Alt Pened\u00e8s) i es dedica a la col\u00b7locaci\u00f3 de tancament d\u2019alumini d\u2019alta qualitat, i per aix\u00f2 formem part de la xarxa d\u2019instal\u00b7ladors Reynaers Aluminium Experts, una empresa multinacional i capdavantera en el sector. Disseny web: Disculpi Studio de Vilafranca. Cookies.","breadcrumb":{"@id":"https:\/\/vialpen.com\/finestres\/#breadcrumb"},"inLanguage":"es","potentialAction":[{"@type":"ReadAction","target":["https:\/\/vialpen.com\/finestres\/"]}]},{"@type":"ImageObject","inLanguage":"es","@id":"https:\/\/vialpen.com\/finestres\/#primaryimage","url":"https:\/\/vialpen.com\/wp-content\/uploads\/2019\/06\/cs77-ventana-windows-960x600.png","contentUrl":"https:\/\/vialpen.com\/wp-content\/uploads\/2019\/06\/cs77-ventana-windows-960x600.png"},{"@type":"BreadcrumbList","@id":"https:\/\/vialpen.com\/finestres\/#breadcrumb","itemListElement":[{"@type":"ListItem","position":1,"name":"Inici","item":"https:\/\/vialpen.com\/"},{"@type":"ListItem","position":2,"name":"Finestres"}]},{"@type":"WebSite","@id":"https:\/\/vialpen.com\/#website","url":"https:\/\/vialpen.com\/","name":"VIALPEN 2000, sl","description":"Instal\u00b7lacions de vidre, alumini i PVC","potentialAction":[{"@type":"SearchAction","target":{"@type":"EntryPoint","urlTemplate":"https:\/\/vialpen.com\/?s={search_term_string}"},"query-input":{"@type":"PropertyValueSpecification","valueRequired":true,"valueName":"search_term_string"}}],"inLanguage":"es"}]}},"_links":{"self":[{"href":"https:\/\/vialpen.com\/es\/wp-json\/wp\/v2\/pages\/209","targetHints":{"allow":["GET"]}}],"collection":[{"href":"https:\/\/vialpen.com\/es\/wp-json\/wp\/v2\/pages"}],"about":[{"href":"https:\/\/vialpen.com\/es\/wp-json\/wp\/v2\/types\/page"}],"author":[{"embeddable":true,"href":"https:\/\/vialpen.com\/es\/wp-json\/wp\/v2\/users\/1"}],"replies":[{"embeddable":true,"href":"https:\/\/vialpen.com\/es\/wp-json\/wp\/v2\/comments?post=209"}],"version-history":[{"count":11,"href":"https:\/\/vialpen.com\/es\/wp-json\/wp\/v2\/pages\/209\/revisions"}],"predecessor-version":[{"id":596,"href":"https:\/\/vialpen.com\/es\/wp-json\/wp\/v2\/pages\/209\/revisions\/596"}],"wp:attachment":[{"href":"https:\/\/vialpen.com\/es\/wp-json\/wp\/v2\/media?parent=209"}],"curies":[{"name":"wp","href":"https:\/\/api.w.org\/{rel}","templated":true}]}}