{"id":217,"date":"2015-07-31T15:38:18","date_gmt":"2015-07-31T15:38:18","guid":{"rendered":"http:\/\/vialpen.com\/?page_id=217"},"modified":"2018-04-30T13:59:00","modified_gmt":"2018-04-30T13:59:00","slug":"portes","status":"publish","type":"page","link":"https:\/\/vialpen.com\/es\/portes\/","title":{"rendered":"Portes"},"content":{"rendered":"<div id=\"pl-217\"  class=\"panel-layout\" ><div id=\"pg-217-0\"  class=\"panel-grid panel-has-style\" ><div class=\"panel-widget-style panel-row-style panel-row-style-for-217-0\" ><div id=\"pgc-217-0-0\"  class=\"panel-grid-cell\" ><div id=\"panel-217-0-0-0\" class=\"so-panel widget widget_virtue_about_with_image virtue_about_with_image panel-first-child panel-last-child\" data-index=\"0\" ><div class=\"kad_img_upload_widget kt-shape-type- kt-image-align-center kt-image-widget-widget-0-0-0\"><div class=\"kt-image-contain  \"><div class=\"kt-image-inner-contain\"><img decoding=\"async\" src=\"http:\/\/vialpen.com\/wp-content\/uploads\/2015\/07\/cs59pa.jpg\" alt=\"\"><\/div><\/div><\/div><\/div><\/div><div id=\"pgc-217-0-1\"  class=\"panel-grid-cell\" ><div id=\"panel-217-0-1-0\" class=\"so-panel widget widget_black-studio-tinymce widget_black_studio_tinymce panel-first-child panel-last-child\" data-index=\"1\" ><h3 class=\"widget-title\">CS 59Pa perfils sense ruptura t\u00e8rmica per a tancaments elegants i econ\u00f2mic<\/h3><div class=\"textwidget\"><h3><span style=\"font-family: Arial,Helvetica,sans-serif; font-size: small;\">Sistema de fusteria sense trencament de pont t\u00e8rmic per a tancaments elegants i econ\u00f2mics. Permet la fabricaci\u00f3 de portes d'una fulla de doble fulla d'obertura interior i exterior. Ofereix un aspecte enrasat tan des de l'exterior com de l'interior.<\/span><\/h3>\n<\/div><\/div><\/div><\/div><\/div><div id=\"pg-217-1\"  class=\"panel-grid panel-has-style\" ><div class=\"panel-widget-style panel-row-style panel-row-style-for-217-1\" ><div id=\"pgc-217-1-0\"  class=\"panel-grid-cell panel-grid-cell-empty\" ><\/div><div id=\"pgc-217-1-1\"  class=\"panel-grid-cell\" ><div id=\"panel-217-1-1-0\" class=\"so-panel widget widget_black-studio-tinymce widget_black_studio_tinymce panel-first-child\" data-index=\"2\" ><h3 class=\"widget-title\">PLEGABLES la soluci\u00f3 ideal per a grans tancament<\/h3><div class=\"textwidget\"><h3>Aquest sistema permet la realitzaci\u00f3 de portes plegables de vidre o lamas. En versi\u00f3 lamas, les possibilitats s\u00f3n lama fixa, m\u00f3bil o apanelada. Especialment indicat per cubrir grans forats que interessen obrir per complet sempre que sigui necessari.<\/h3>\n<\/div><\/div><div id=\"panel-217-1-1-1\" class=\"so-panel widget widget_text panel-last-child\" data-index=\"3\" >\t\t\t<div class=\"textwidget\"><script>\n  (function(i,s,o,g,r,a,m){i['GoogleAnalyticsObject']=r;i[r]=i[r]||function(){\n  (i[r].q=i[r].q||[]).push(arguments)},i[r].l=1*new Date();a=s.createElement(o),\n  m=s.getElementsByTagName(o)[0];a.async=1;a.src=g;m.parentNode.insertBefore(a,m)\n  })(window,document,'script','\/\/www.google-analytics.com\/analytics.js','ga');\n\n  ga('create', 'UA-38263364-5', 'auto');\n  ga('send', 'pageview');\n\n<\/script><\/div>\n\t\t<\/div><\/div><\/div><\/div><\/div>","protected":false},"excerpt":{"rendered":"<p>Sistema de fusteria sense trencament de pont t\u00e8rmic per a tancaments elegants i econ\u00f2mics. Permet la fabricaci\u00f3 de portes d&#8217;una &hellip; <a class=\"kt-excerpt-readmore\" href=\"https:\/\/vialpen.com\/es\/portes\/\" aria-label=\"Portes\">Llegir m\u00e9s<\/a><\/p>\n","protected":false},"author":1,"featured_media":0,"parent":0,"menu_order":0,"comment_status":"closed","ping_status":"closed","template":"page-fullwidth.php","meta":{"footnotes":""},"class_list":["post-217","page","type-page","status-publish","hentry"],"yoast_head":"<!-- This site is optimized with the Yoast SEO plugin v27.5 - https:\/\/yoast.com\/product\/yoast-seo-wordpress\/ -->\n<title>Portes - VIALPEN<\/title>\n<meta name=\"description\" content=\"VIALPEN est\u00e0 ubicada a Sant Cugat Sesgarrigues (Alt Pened\u00e8s) i es dedica a la col\u00b7locaci\u00f3 de tancament d\u2019alumini d\u2019alta qualitat, i per aix\u00f2 formem part de la xarxa d\u2019instal\u00b7ladors Reynaers Aluminium Experts, una empresa multinacional i capdavantera en el sector. Disseny web: Disculpi Studio de Vilafranca. Cookies.\" \/>\n<meta name=\"robots\" content=\"index, follow, max-snippet:-1, max-image-preview:large, max-video-preview:-1\" \/>\n<link rel=\"canonical\" href=\"https:\/\/vialpen.com\/portes\/\" \/>\n<meta property=\"og:locale\" content=\"es_ES\" \/>\n<meta property=\"og:type\" content=\"article\" \/>\n<meta property=\"og:title\" content=\"Portes - VIALPEN\" \/>\n<meta property=\"og:description\" content=\"VIALPEN est\u00e0 ubicada a Sant Cugat Sesgarrigues (Alt Pened\u00e8s) i es dedica a la col\u00b7locaci\u00f3 de tancament d\u2019alumini d\u2019alta qualitat, i per aix\u00f2 formem part de la xarxa d\u2019instal\u00b7ladors Reynaers Aluminium Experts, una empresa multinacional i capdavantera en el sector. Disseny web: Disculpi Studio de Vilafranca. Cookies.\" \/>\n<meta property=\"og:url\" content=\"https:\/\/vialpen.com\/portes\/\" \/>\n<meta property=\"og:site_name\" content=\"VIALPEN 2000, sl\" \/>\n<meta property=\"article:modified_time\" content=\"2018-04-30T13:59:00+00:00\" \/>\n<meta name=\"twitter:label1\" content=\"Tiempo de lectura\" \/>\n\t<meta name=\"twitter:data1\" content=\"1 minuto\" \/>\n<script type=\"application\/ld+json\" class=\"yoast-schema-graph\">{\"@context\":\"https:\\\/\\\/schema.org\",\"@graph\":[{\"@type\":\"WebPage\",\"@id\":\"https:\\\/\\\/vialpen.com\\\/portes\\\/\",\"url\":\"https:\\\/\\\/vialpen.com\\\/portes\\\/\",\"name\":\"Portes - VIALPEN\",\"isPartOf\":{\"@id\":\"https:\\\/\\\/vialpen.com\\\/#website\"},\"datePublished\":\"2015-07-31T15:38:18+00:00\",\"dateModified\":\"2018-04-30T13:59:00+00:00\",\"description\":\"VIALPEN est\u00e0 ubicada a Sant Cugat Sesgarrigues (Alt Pened\u00e8s) i es dedica a la col\u00b7locaci\u00f3 de tancament d\u2019alumini d\u2019alta qualitat, i per aix\u00f2 formem part de la xarxa d\u2019instal\u00b7ladors Reynaers Aluminium Experts, una empresa multinacional i capdavantera en el sector. Disseny web: Disculpi Studio de Vilafranca. Cookies.\",\"breadcrumb\":{\"@id\":\"https:\\\/\\\/vialpen.com\\\/portes\\\/#breadcrumb\"},\"inLanguage\":\"es\",\"potentialAction\":[{\"@type\":\"ReadAction\",\"target\":[\"https:\\\/\\\/vialpen.com\\\/portes\\\/\"]}]},{\"@type\":\"BreadcrumbList\",\"@id\":\"https:\\\/\\\/vialpen.com\\\/portes\\\/#breadcrumb\",\"itemListElement\":[{\"@type\":\"ListItem\",\"position\":1,\"name\":\"Inici\",\"item\":\"https:\\\/\\\/vialpen.com\\\/\"},{\"@type\":\"ListItem\",\"position\":2,\"name\":\"Portes\"}]},{\"@type\":\"WebSite\",\"@id\":\"https:\\\/\\\/vialpen.com\\\/#website\",\"url\":\"https:\\\/\\\/vialpen.com\\\/\",\"name\":\"VIALPEN 2000, sl\",\"description\":\"Instal\u00b7lacions de vidre, alumini i PVC\",\"potentialAction\":[{\"@type\":\"SearchAction\",\"target\":{\"@type\":\"EntryPoint\",\"urlTemplate\":\"https:\\\/\\\/vialpen.com\\\/?s={search_term_string}\"},\"query-input\":{\"@type\":\"PropertyValueSpecification\",\"valueRequired\":true,\"valueName\":\"search_term_string\"}}],\"inLanguage\":\"es\"}]}<\/script>\n<!-- \/ Yoast SEO plugin. -->","yoast_head_json":{"title":"Portes - VIALPEN","description":"VIALPEN est\u00e0 ubicada a Sant Cugat Sesgarrigues (Alt Pened\u00e8s) i es dedica a la col\u00b7locaci\u00f3 de tancament d\u2019alumini d\u2019alta qualitat, i per aix\u00f2 formem part de la xarxa d\u2019instal\u00b7ladors Reynaers Aluminium Experts, una empresa multinacional i capdavantera en el sector. Disseny web: Disculpi Studio de Vilafranca. Cookies.","robots":{"index":"index","follow":"follow","max-snippet":"max-snippet:-1","max-image-preview":"max-image-preview:large","max-video-preview":"max-video-preview:-1"},"canonical":"https:\/\/vialpen.com\/portes\/","og_locale":"es_ES","og_type":"article","og_title":"Portes - VIALPEN","og_description":"VIALPEN est\u00e0 ubicada a Sant Cugat Sesgarrigues (Alt Pened\u00e8s) i es dedica a la col\u00b7locaci\u00f3 de tancament d\u2019alumini d\u2019alta qualitat, i per aix\u00f2 formem part de la xarxa d\u2019instal\u00b7ladors Reynaers Aluminium Experts, una empresa multinacional i capdavantera en el sector. Disseny web: Disculpi Studio de Vilafranca. Cookies.","og_url":"https:\/\/vialpen.com\/portes\/","og_site_name":"VIALPEN 2000, sl","article_modified_time":"2018-04-30T13:59:00+00:00","twitter_misc":{"Tiempo de lectura":"1 minuto"},"schema":{"@context":"https:\/\/schema.org","@graph":[{"@type":"WebPage","@id":"https:\/\/vialpen.com\/portes\/","url":"https:\/\/vialpen.com\/portes\/","name":"Portes - VIALPEN","isPartOf":{"@id":"https:\/\/vialpen.com\/#website"},"datePublished":"2015-07-31T15:38:18+00:00","dateModified":"2018-04-30T13:59:00+00:00","description":"VIALPEN est\u00e0 ubicada a Sant Cugat Sesgarrigues (Alt Pened\u00e8s) i es dedica a la col\u00b7locaci\u00f3 de tancament d\u2019alumini d\u2019alta qualitat, i per aix\u00f2 formem part de la xarxa d\u2019instal\u00b7ladors Reynaers Aluminium Experts, una empresa multinacional i capdavantera en el sector. Disseny web: Disculpi Studio de Vilafranca. Cookies.","breadcrumb":{"@id":"https:\/\/vialpen.com\/portes\/#breadcrumb"},"inLanguage":"es","potentialAction":[{"@type":"ReadAction","target":["https:\/\/vialpen.com\/portes\/"]}]},{"@type":"BreadcrumbList","@id":"https:\/\/vialpen.com\/portes\/#breadcrumb","itemListElement":[{"@type":"ListItem","position":1,"name":"Inici","item":"https:\/\/vialpen.com\/"},{"@type":"ListItem","position":2,"name":"Portes"}]},{"@type":"WebSite","@id":"https:\/\/vialpen.com\/#website","url":"https:\/\/vialpen.com\/","name":"VIALPEN 2000, sl","description":"Instal\u00b7lacions de vidre, alumini i PVC","potentialAction":[{"@type":"SearchAction","target":{"@type":"EntryPoint","urlTemplate":"https:\/\/vialpen.com\/?s={search_term_string}"},"query-input":{"@type":"PropertyValueSpecification","valueRequired":true,"valueName":"search_term_string"}}],"inLanguage":"es"}]}},"_links":{"self":[{"href":"https:\/\/vialpen.com\/es\/wp-json\/wp\/v2\/pages\/217","targetHints":{"allow":["GET"]}}],"collection":[{"href":"https:\/\/vialpen.com\/es\/wp-json\/wp\/v2\/pages"}],"about":[{"href":"https:\/\/vialpen.com\/es\/wp-json\/wp\/v2\/types\/page"}],"author":[{"embeddable":true,"href":"https:\/\/vialpen.com\/es\/wp-json\/wp\/v2\/users\/1"}],"replies":[{"embeddable":true,"href":"https:\/\/vialpen.com\/es\/wp-json\/wp\/v2\/comments?post=217"}],"version-history":[{"count":4,"href":"https:\/\/vialpen.com\/es\/wp-json\/wp\/v2\/pages\/217\/revisions"}],"predecessor-version":[{"id":408,"href":"https:\/\/vialpen.com\/es\/wp-json\/wp\/v2\/pages\/217\/revisions\/408"}],"wp:attachment":[{"href":"https:\/\/vialpen.com\/es\/wp-json\/wp\/v2\/media?parent=217"}],"curies":[{"name":"wp","href":"https:\/\/api.w.org\/{rel}","templated":true}]}}