{"id":38,"date":"2014-10-23T12:48:41","date_gmt":"2014-10-23T12:48:41","guid":{"rendered":"http:\/\/vialpen.com\/?page_id=38"},"modified":"2025-02-06T10:40:30","modified_gmt":"2025-02-06T09:40:30","slug":"contacte","status":"publish","type":"page","link":"https:\/\/vialpen.com\/es\/contacte\/","title":{"rendered":"Contacto"},"content":{"rendered":"<div id=\"pl-38\"  class=\"panel-layout\" ><div id=\"pg-38-0\"  class=\"panel-grid panel-no-style\" ><div id=\"pgc-38-0-0\"  class=\"panel-grid-cell\" ><div id=\"panel-38-0-0-0\" class=\"so-panel widget widget_black-studio-tinymce widget_black_studio_tinymce panel-first-child panel-last-child\" data-index=\"0\" ><div class=\"textwidget\"><p style=\"text-align: center;\"><div class=\"kad-icon-box-84 kad-icon-box \"><i class=\"icon-mobile\" style=\"font-size:40px;\"><\/i>\n\n<h4 style=\"text-align: center;\">M\u00f2bil<\/h4>\n<h5 style=\"text-align: center;\">(+34) 619 300 150<\/h5>\n<p style=\"text-align: center;\"><\/div><style type=\"text\/css\" media=\"screen\">.kad-icon-box-84 {background:transparent;} .kad-icon-box-84, .kad-icon-box-84 h1, .kad-icon-box-84 h2, .kad-icon-box-84 h3, .kad-icon-box-84 h4, .kad-icon-box-84 h5 {color:#1e73be !important;} .kad-icon-box-84:hover {background:;} .kad-icon-box-84:hover, .kad-icon-box-84:hover h1, .kad-icon-box-84:hover h2, .kad-icon-box-84:hover h3, .kad-icon-box-84:hover h4, .kad-icon-box-84:hover h5 {color:#4c89bf !important;}<\/style>\n<p style=\"text-align: center;\"><div class=\"kad-icon-box-55 kad-icon-box \"><i class=\"icon-envelope\" style=\"font-size:40px;\"><\/i>\n\n<h4 style=\"text-align: center;\">E-mail<\/h4>\n<h5 style=\"text-align: center;\">info@vialpen.com<\/h5>\n<p style=\"text-align: center;\"><\/div><style type=\"text\/css\" media=\"screen\">.kad-icon-box-55 {background:transparent;} .kad-icon-box-55, .kad-icon-box-55 h1, .kad-icon-box-55 h2, .kad-icon-box-55 h3, .kad-icon-box-55 h4, .kad-icon-box-55 h5 {color:#1e73be !important;} .kad-icon-box-55:hover {background:;} .kad-icon-box-55:hover, .kad-icon-box-55:hover h1, .kad-icon-box-55:hover h2, .kad-icon-box-55:hover h3, .kad-icon-box-55:hover h4, .kad-icon-box-55:hover h5 {color:#4c89bf !important;}<\/style>\n<p style=\"text-align: center;\"><div class=\"kad-icon-box-69 kad-icon-box \"><i class=\"icon-home2\" style=\"font-size:40px;\"><\/i>\n\n<h4 style=\"text-align: center;\">Localitzaci\u00f3<\/h4>\n<h5 dir=\"auto\" style=\"text-align: center;\">Av. Barcelona nau 15<\/h5>\n<h5 dir=\"auto\" style=\"text-align: center;\">\u00a0 \u00a0Pol. Ind. La Masia<\/h5>\n<h5 dir=\"auto\" style=\"text-align: center;\">\u00a0 \u00a008798 Sant Cugat Sesgarrigues<\/h5>\n<p style=\"text-align: center;\"><\/div><style type=\"text\/css\" media=\"screen\">.kad-icon-box-69 {background:transparent;} .kad-icon-box-69, .kad-icon-box-69 h1, .kad-icon-box-69 h2, .kad-icon-box-69 h3, .kad-icon-box-69 h4, .kad-icon-box-69 h5 {color:#1e73be !important;} .kad-icon-box-69:hover {background:;} .kad-icon-box-69:hover, .kad-icon-box-69:hover h1, .kad-icon-box-69:hover h2, .kad-icon-box-69:hover h3, .kad-icon-box-69:hover h4, .kad-icon-box-69:hover h5 {color:#4c89bf !important;}<\/style>\n<p style=\"text-align: center;\"><a href=\"https:\/\/www.linkedin.com\/in\/xavi-marc%C4%97-b4449812b\/\" target=\"_blank\" rel=\"noopener\"><div class=\"kad-icon-box-31 kad-icon-box \"><i class=\"icon-linkedin\" style=\"font-size:40px;\"><\/i><\/a><\/p>\n\n<h5 style=\"text-align: center;\"><\/div><style type=\"text\/css\" media=\"screen\">.kad-icon-box-31 {background:transparent;} .kad-icon-box-31, .kad-icon-box-31 h1, .kad-icon-box-31 h2, .kad-icon-box-31 h3, .kad-icon-box-31 h4, .kad-icon-box-31 h5 {color:#1e73be !important;} .kad-icon-box-31:hover {background:;} .kad-icon-box-31:hover, .kad-icon-box-31:hover h1, .kad-icon-box-31:hover h2, .kad-icon-box-31:hover h3, .kad-icon-box-31:hover h4, .kad-icon-box-31:hover h5 {color:#4c89bf !important;}<\/style><\/h5>\n<p style=\"text-align: center;\"><\/p><\/div><\/div><\/div><div id=\"pgc-38-0-1\"  class=\"panel-grid-cell panel-grid-cell-empty\" ><\/div><div id=\"pgc-38-0-2\"  class=\"panel-grid-cell\" ><div id=\"panel-38-0-2-0\" class=\"so-panel widget widget_black-studio-tinymce widget_black_studio_tinymce panel-first-child\" data-index=\"1\" ><div class=\"panel-widget-style panel-widget-style-for-38-0-2-0\" ><div class=\"textwidget\"><p>Per a m\u00e9s informaci\u00f3 o comentaris ompli el seg\u00fcent formulari:<\/p>\n\n<div class=\"wpcf7 no-js\" id=\"wpcf7-f37-o1\" lang=\"en-US\" dir=\"ltr\" data-wpcf7-id=\"37\">\n<div class=\"screen-reader-response\"><p role=\"status\" aria-live=\"polite\" aria-atomic=\"true\"><\/p> <ul><\/ul><\/div>\n<form action=\"\/es\/wp-json\/wp\/v2\/pages\/38#wpcf7-f37-o1\" method=\"post\" class=\"wpcf7-form init\" aria-label=\"Contact form\" novalidate=\"novalidate\" data-status=\"init\">\n<fieldset class=\"hidden-fields-container\"><input type=\"hidden\" name=\"_wpcf7\" value=\"37\" \/><input type=\"hidden\" name=\"_wpcf7_version\" value=\"6.1.5\" \/><input type=\"hidden\" name=\"_wpcf7_locale\" value=\"en_US\" \/><input type=\"hidden\" name=\"_wpcf7_unit_tag\" value=\"wpcf7-f37-o1\" \/><input type=\"hidden\" name=\"_wpcf7_container_post\" value=\"0\" \/><input type=\"hidden\" name=\"_wpcf7_posted_data_hash\" value=\"\" \/><input type=\"hidden\" name=\"_wpcf7_recaptcha_response\" value=\"\" \/>\n<\/fieldset>\n<p>Nom*\n<\/p>\n<p><span class=\"wpcf7-form-control-wrap\" data-name=\"your-name\"><input size=\"40\" maxlength=\"400\" class=\"wpcf7-form-control wpcf7-text wpcf7-validates-as-required\" aria-required=\"true\" aria-invalid=\"false\" value=\"\" type=\"text\" name=\"your-name\" \/><\/span>\n<\/p>\n<p>E-mail*\n<\/p>\n<p><span class=\"wpcf7-form-control-wrap\" data-name=\"your-email\"><input size=\"40\" maxlength=\"400\" class=\"wpcf7-form-control wpcf7-email wpcf7-validates-as-required wpcf7-text wpcf7-validates-as-email\" aria-required=\"true\" aria-invalid=\"false\" value=\"\" type=\"email\" name=\"your-email\" \/><\/span>\n<\/p>\n<p>Empresa*\n<\/p>\n<p><span class=\"wpcf7-form-control-wrap\" data-name=\"text-876\"><input size=\"40\" maxlength=\"400\" class=\"wpcf7-form-control wpcf7-text wpcf7-validates-as-required\" aria-required=\"true\" aria-invalid=\"false\" value=\"\" type=\"text\" name=\"text-876\" \/><\/span>\n<\/p>\n<p>Direcci\u00f3\n<\/p>\n<p><span class=\"wpcf7-form-control-wrap\" data-name=\"text-175\"><input size=\"40\" maxlength=\"400\" class=\"wpcf7-form-control wpcf7-text\" aria-invalid=\"false\" value=\"\" type=\"text\" name=\"text-175\" \/><\/span>\n<\/p>\n<p>Codi Postal\n<\/p>\n<p><span class=\"wpcf7-form-control-wrap\" data-name=\"text-175\"><input size=\"40\" maxlength=\"400\" class=\"wpcf7-form-control wpcf7-text\" aria-invalid=\"false\" value=\"\" type=\"text\" name=\"text-175\" \/><\/span>\n<\/p>\n<p>Prov\u00edncia\n<\/p>\n<p><span class=\"wpcf7-form-control-wrap\" data-name=\"text-175\"><input size=\"40\" maxlength=\"400\" class=\"wpcf7-form-control wpcf7-text\" aria-invalid=\"false\" value=\"\" type=\"text\" name=\"text-175\" \/><\/span>\n<\/p>\n<p>Tel\u00e8fon\n<\/p>\n<p><span class=\"wpcf7-form-control-wrap\" data-name=\"text-175\"><input size=\"40\" maxlength=\"400\" class=\"wpcf7-form-control wpcf7-text\" aria-invalid=\"false\" value=\"\" type=\"text\" name=\"text-175\" \/><\/span>\n<\/p>\n<p>T\u00edtol\n<\/p>\n<p><span class=\"wpcf7-form-control-wrap\" data-name=\"your-subject\"><input size=\"40\" maxlength=\"400\" class=\"wpcf7-form-control wpcf7-text\" aria-invalid=\"false\" value=\"\" type=\"text\" name=\"your-subject\" \/><\/span>\n<\/p>\n<p>Missatge*\n<\/p>\n<p><span class=\"wpcf7-form-control-wrap\" data-name=\"your-message\"><textarea cols=\"40\" rows=\"10\" maxlength=\"2000\" class=\"wpcf7-form-control wpcf7-textarea wpcf7-validates-as-required\" aria-required=\"true\" aria-invalid=\"false\" name=\"your-message\"><\/textarea><\/span>\n<\/p>\n<p><input class=\"wpcf7-form-control wpcf7-submit has-spinner\" type=\"submit\" value=\"Envia\" \/>\n<\/p>\n<p>*Els camps marcats amb asterisc (*) s\u00f3n obligatoris.\n<\/p><div class=\"wpcf7-response-output\" aria-hidden=\"true\"><\/div>\n<\/form>\n<\/div>\n\n<p><small>De conformitat amb l'establert a l'article 5 de la Llei Org\u00e0nica 15\/1999, de 13 de Desembre, de Protecci\u00f3 de Dades de Car\u00e0cter Personal, els informem que les dades d'aquest formulari de contacte passaran a formar part d'un registre inform\u00e0tic Vialpen.<\/small><\/p>\n<\/div><\/div><\/div><div id=\"panel-38-0-2-1\" class=\"so-panel widget widget_text panel-last-child\" data-index=\"2\" >\t\t\t<div class=\"textwidget\"><script>\n  (function(i,s,o,g,r,a,m){i['GoogleAnalyticsObject']=r;i[r]=i[r]||function(){\n  (i[r].q=i[r].q||[]).push(arguments)},i[r].l=1*new Date();a=s.createElement(o),\n  m=s.getElementsByTagName(o)[0];a.async=1;a.src=g;m.parentNode.insertBefore(a,m)\n  })(window,document,'script','\/\/www.google-analytics.com\/analytics.js','ga');\n\n  ga('create', 'UA-38263364-5', 'auto');\n  ga('send', 'pageview');\n\n<\/script><\/div>\n\t\t<\/div><\/div><\/div><\/div>","protected":false},"excerpt":{"rendered":"<p>Per a m\u00e9s informaci\u00f3 o comentaris ompli el seg\u00fcent formulari: De conformitat amb l&#8217;establert a l&#8217;article 5 de la Llei &hellip; <a class=\"kt-excerpt-readmore\" href=\"https:\/\/vialpen.com\/es\/contacte\/\" aria-label=\"Contacto\">Llegir m\u00e9s<\/a><\/p>\n","protected":false},"author":1,"featured_media":0,"parent":0,"menu_order":0,"comment_status":"closed","ping_status":"open","template":"page-fullwidth.php","meta":{"footnotes":""},"class_list":["post-38","page","type-page","status-publish","hentry"],"yoast_head":"<!-- This site is optimized with the Yoast SEO plugin v27.5 - https:\/\/yoast.com\/product\/yoast-seo-wordpress\/ -->\n<title>Contacte - VIALPEN<\/title>\n<meta name=\"description\" content=\"VIALPEN est\u00e0 ubicada a Sant Cugat Sesgarrigues (Alt Pened\u00e8s) i es dedica a la col\u00b7locaci\u00f3 de tancament d\u2019alumini d\u2019alta qualitat, i per aix\u00f2 formem part de la xarxa d\u2019instal\u00b7ladors Reynaers Aluminium Experts, una empresa multinacional i capdavantera en el sector. Disseny web: Disculpi Studio de Vilafranca. Cookies.\" \/>\n<meta name=\"robots\" content=\"index, follow, max-snippet:-1, max-image-preview:large, max-video-preview:-1\" \/>\n<link rel=\"canonical\" href=\"https:\/\/vialpen.com\/contacte\/\" \/>\n<meta property=\"og:locale\" content=\"es_ES\" \/>\n<meta property=\"og:type\" content=\"article\" \/>\n<meta property=\"og:title\" content=\"Contacte - VIALPEN\" \/>\n<meta property=\"og:description\" content=\"VIALPEN est\u00e0 ubicada a Sant Cugat Sesgarrigues (Alt Pened\u00e8s) i es dedica a la col\u00b7locaci\u00f3 de tancament d\u2019alumini d\u2019alta qualitat, i per aix\u00f2 formem part de la xarxa d\u2019instal\u00b7ladors Reynaers Aluminium Experts, una empresa multinacional i capdavantera en el sector. Disseny web: Disculpi Studio de Vilafranca. Cookies.\" \/>\n<meta property=\"og:url\" content=\"https:\/\/vialpen.com\/contacte\/\" \/>\n<meta property=\"og:site_name\" content=\"VIALPEN 2000, sl\" \/>\n<meta property=\"article:modified_time\" content=\"2025-02-06T09:40:30+00:00\" \/>\n<meta name=\"twitter:label1\" content=\"Tiempo de lectura\" \/>\n\t<meta name=\"twitter:data1\" content=\"1 minuto\" \/>\n<script type=\"application\/ld+json\" class=\"yoast-schema-graph\">{\"@context\":\"https:\\\/\\\/schema.org\",\"@graph\":[{\"@type\":\"WebPage\",\"@id\":\"https:\\\/\\\/vialpen.com\\\/contacte\\\/\",\"url\":\"https:\\\/\\\/vialpen.com\\\/contacte\\\/\",\"name\":\"Contacte - VIALPEN\",\"isPartOf\":{\"@id\":\"https:\\\/\\\/vialpen.com\\\/#website\"},\"datePublished\":\"2014-10-23T12:48:41+00:00\",\"dateModified\":\"2025-02-06T09:40:30+00:00\",\"description\":\"VIALPEN est\u00e0 ubicada a Sant Cugat Sesgarrigues (Alt Pened\u00e8s) i es dedica a la col\u00b7locaci\u00f3 de tancament d\u2019alumini d\u2019alta qualitat, i per aix\u00f2 formem part de la xarxa d\u2019instal\u00b7ladors Reynaers Aluminium Experts, una empresa multinacional i capdavantera en el sector. Disseny web: Disculpi Studio de Vilafranca. Cookies.\",\"breadcrumb\":{\"@id\":\"https:\\\/\\\/vialpen.com\\\/contacte\\\/#breadcrumb\"},\"inLanguage\":\"es\",\"potentialAction\":[{\"@type\":\"ReadAction\",\"target\":[\"https:\\\/\\\/vialpen.com\\\/contacte\\\/\"]}]},{\"@type\":\"BreadcrumbList\",\"@id\":\"https:\\\/\\\/vialpen.com\\\/contacte\\\/#breadcrumb\",\"itemListElement\":[{\"@type\":\"ListItem\",\"position\":1,\"name\":\"Inici\",\"item\":\"https:\\\/\\\/vialpen.com\\\/\"},{\"@type\":\"ListItem\",\"position\":2,\"name\":\"Contacte\"}]},{\"@type\":\"WebSite\",\"@id\":\"https:\\\/\\\/vialpen.com\\\/#website\",\"url\":\"https:\\\/\\\/vialpen.com\\\/\",\"name\":\"VIALPEN 2000, sl\",\"description\":\"Instal\u00b7lacions de vidre, alumini i PVC\",\"potentialAction\":[{\"@type\":\"SearchAction\",\"target\":{\"@type\":\"EntryPoint\",\"urlTemplate\":\"https:\\\/\\\/vialpen.com\\\/?s={search_term_string}\"},\"query-input\":{\"@type\":\"PropertyValueSpecification\",\"valueRequired\":true,\"valueName\":\"search_term_string\"}}],\"inLanguage\":\"es\"}]}<\/script>\n<!-- \/ Yoast SEO plugin. -->","yoast_head_json":{"title":"Contacte - VIALPEN","description":"VIALPEN est\u00e0 ubicada a Sant Cugat Sesgarrigues (Alt Pened\u00e8s) i es dedica a la col\u00b7locaci\u00f3 de tancament d\u2019alumini d\u2019alta qualitat, i per aix\u00f2 formem part de la xarxa d\u2019instal\u00b7ladors Reynaers Aluminium Experts, una empresa multinacional i capdavantera en el sector. Disseny web: Disculpi Studio de Vilafranca. Cookies.","robots":{"index":"index","follow":"follow","max-snippet":"max-snippet:-1","max-image-preview":"max-image-preview:large","max-video-preview":"max-video-preview:-1"},"canonical":"https:\/\/vialpen.com\/contacte\/","og_locale":"es_ES","og_type":"article","og_title":"Contacte - VIALPEN","og_description":"VIALPEN est\u00e0 ubicada a Sant Cugat Sesgarrigues (Alt Pened\u00e8s) i es dedica a la col\u00b7locaci\u00f3 de tancament d\u2019alumini d\u2019alta qualitat, i per aix\u00f2 formem part de la xarxa d\u2019instal\u00b7ladors Reynaers Aluminium Experts, una empresa multinacional i capdavantera en el sector. Disseny web: Disculpi Studio de Vilafranca. Cookies.","og_url":"https:\/\/vialpen.com\/contacte\/","og_site_name":"VIALPEN 2000, sl","article_modified_time":"2025-02-06T09:40:30+00:00","twitter_misc":{"Tiempo de lectura":"1 minuto"},"schema":{"@context":"https:\/\/schema.org","@graph":[{"@type":"WebPage","@id":"https:\/\/vialpen.com\/contacte\/","url":"https:\/\/vialpen.com\/contacte\/","name":"Contacte - VIALPEN","isPartOf":{"@id":"https:\/\/vialpen.com\/#website"},"datePublished":"2014-10-23T12:48:41+00:00","dateModified":"2025-02-06T09:40:30+00:00","description":"VIALPEN est\u00e0 ubicada a Sant Cugat Sesgarrigues (Alt Pened\u00e8s) i es dedica a la col\u00b7locaci\u00f3 de tancament d\u2019alumini d\u2019alta qualitat, i per aix\u00f2 formem part de la xarxa d\u2019instal\u00b7ladors Reynaers Aluminium Experts, una empresa multinacional i capdavantera en el sector. Disseny web: Disculpi Studio de Vilafranca. Cookies.","breadcrumb":{"@id":"https:\/\/vialpen.com\/contacte\/#breadcrumb"},"inLanguage":"es","potentialAction":[{"@type":"ReadAction","target":["https:\/\/vialpen.com\/contacte\/"]}]},{"@type":"BreadcrumbList","@id":"https:\/\/vialpen.com\/contacte\/#breadcrumb","itemListElement":[{"@type":"ListItem","position":1,"name":"Inici","item":"https:\/\/vialpen.com\/"},{"@type":"ListItem","position":2,"name":"Contacte"}]},{"@type":"WebSite","@id":"https:\/\/vialpen.com\/#website","url":"https:\/\/vialpen.com\/","name":"VIALPEN 2000, sl","description":"Instal\u00b7lacions de vidre, alumini i PVC","potentialAction":[{"@type":"SearchAction","target":{"@type":"EntryPoint","urlTemplate":"https:\/\/vialpen.com\/?s={search_term_string}"},"query-input":{"@type":"PropertyValueSpecification","valueRequired":true,"valueName":"search_term_string"}}],"inLanguage":"es"}]}},"_links":{"self":[{"href":"https:\/\/vialpen.com\/es\/wp-json\/wp\/v2\/pages\/38","targetHints":{"allow":["GET"]}}],"collection":[{"href":"https:\/\/vialpen.com\/es\/wp-json\/wp\/v2\/pages"}],"about":[{"href":"https:\/\/vialpen.com\/es\/wp-json\/wp\/v2\/types\/page"}],"author":[{"embeddable":true,"href":"https:\/\/vialpen.com\/es\/wp-json\/wp\/v2\/users\/1"}],"replies":[{"embeddable":true,"href":"https:\/\/vialpen.com\/es\/wp-json\/wp\/v2\/comments?post=38"}],"version-history":[{"count":58,"href":"https:\/\/vialpen.com\/es\/wp-json\/wp\/v2\/pages\/38\/revisions"}],"predecessor-version":[{"id":641,"href":"https:\/\/vialpen.com\/es\/wp-json\/wp\/v2\/pages\/38\/revisions\/641"}],"wp:attachment":[{"href":"https:\/\/vialpen.com\/es\/wp-json\/wp\/v2\/media?parent=38"}],"curies":[{"name":"wp","href":"https:\/\/api.w.org\/{rel}","templated":true}]}}