{"id":601,"date":"2019-06-11T08:28:47","date_gmt":"2019-06-11T08:28:47","guid":{"rendered":"https:\/\/vialpen.com\/?page_id=601"},"modified":"2019-06-11T14:15:10","modified_gmt":"2019-06-11T14:15:10","slug":"proteccio-solar","status":"publish","type":"page","link":"https:\/\/vialpen.com\/es\/proteccio-solar\/","title":{"rendered":"(Catal\u00e0) Protecci\u00f3 Solar"},"content":{"rendered":"<div id=\"pl-gb601-69f380cfc616a\"  class=\"panel-layout\" ><div id=\"pg-gb601-69f380cfc616a-0\"  class=\"panel-grid panel-no-style\" ><div id=\"pgc-gb601-69f380cfc616a-0-0\"  class=\"panel-grid-cell\" ><div id=\"panel-gb601-69f380cfc616a-0-0-0\" class=\"so-panel widget widget_sow-editor panel-first-child panel-last-child\" data-index=\"0\" ><div\n\t\t\t\n\t\t\tclass=\"so-widget-sow-editor so-widget-sow-editor-base\"\n\t\t\t\n\t\t>\n<div class=\"siteorigin-widget-tinymce textwidget\">\n\t<div tabindex=\"0\" class=\"cycloneslider cycloneslider-template-standard cycloneslider-width-responsive\" id=\"cycloneslider-bs-100-2\" style=\"max-width:960px\" > <div class=\"cycloneslider-slides cycle-slideshow\" data-cycle-allow-wrap=\"true\" data-cycle-dynamic-height=\"off\" data-cycle-auto-height=\"960:600\" data-cycle-auto-height-easing=\"null\" data-cycle-auto-height-speed=\"250\" data-cycle-delay=\"0\" data-cycle-easing=\"\" data-cycle-fx=\"fade\" data-cycle-hide-non-active=\"true\" data-cycle-log=\"false\" data-cycle-next=\"#cycloneslider-bs-100-2 .cycloneslider-next\" data-cycle-pager=\"#cycloneslider-bs-100-2 .cycloneslider-pager\" data-cycle-pause-on-hover=\"true\" data-cycle-prev=\"#cycloneslider-bs-100-2 .cycloneslider-prev\" data-cycle-slides=\"&gt; div\" data-cycle-speed=\"1000\" data-cycle-swipe=\"false\" data-cycle-tile-count=\"7\" data-cycle-tile-delay=\"100\" data-cycle-tile-vertical=\"true\" data-cycle-timeout=\"4000\" > <div class=\"cycloneslider-slide cycloneslider-slide-image\" > <img decoding=\"async\" src=\"https:\/\/vialpen.com\/wp-content\/uploads\/2019\/06\/BS-100-para-el-sol-960x600.png\" alt=\"\" title=\"\" \/> <\/div> <div class=\"cycloneslider-slide cycloneslider-slide-image\" > <img decoding=\"async\" src=\"https:\/\/vialpen.com\/wp-content\/uploads\/2019\/06\/BS-100-soluciones-proteccion-solar-960x600.png\" alt=\"\" title=\"\" \/> <\/div> <div class=\"cycloneslider-slide cycloneslider-slide-image\" > <img decoding=\"async\" src=\"https:\/\/vialpen.com\/wp-content\/uploads\/2019\/06\/BS-100-sombreado-completa-960x600.png\" alt=\"\" title=\"\" \/> <\/div> <div class=\"cycloneslider-slide cycloneslider-slide-image\" > <img decoding=\"async\" src=\"https:\/\/vialpen.com\/wp-content\/uploads\/2019\/06\/BS-100-vialpen-solar-960x600.png\" alt=\"\" title=\"\" \/> <\/div> <\/div> <div class=\"cycloneslider-pager\"><\/div> <a href=\"#\" class=\"cycloneslider-prev\"> <span class=\"arrow\"><\/span> <\/a> <a href=\"#\" class=\"cycloneslider-next\"> <span class=\"arrow\"><\/span> <\/a> <\/div>\n<\/div>\n<\/div><\/div><\/div><div id=\"pgc-gb601-69f380cfc616a-0-1\"  class=\"panel-grid-cell\" ><div id=\"panel-gb601-69f380cfc616a-0-1-0\" class=\"so-panel widget widget_sow-editor panel-first-child panel-last-child\" data-index=\"1\" ><div\n\t\t\t\n\t\t\tclass=\"so-widget-sow-editor so-widget-sow-editor-base\"\n\t\t\t\n\t\t><h3 class=\"widget-title\">BS 100 Soluci\u00f3n de sombreado completa<\/h3>\n<div class=\"siteorigin-widget-tinymce textwidget\">\n\t<p>El sistema Brise Soleil 100 ofrece una amplia gama de aplicaciones con lamas el\u00edpticas, creando la soluci\u00f3n de protecci\u00f3n solar definitiva. Las lamas de dise\u00f1o est\u00e1n disponibles en una amplia variedad de dimensiones y configuraciones; marcos, lamas fijas o m\u00f3viles, colocadas en el plano horizontal o vertical. El movimiento de las lamas tambi\u00e9n puede ser motorizado para una m\u00e1xima comodidad. En una variante especial del sistema, pueden utilizarse lamas de vidrio para proporcionar sombreado de una forma muy est\u00e9tica.<\/p>\n<p>Los elementos BS 100 tienen soluciones est\u00e1ndar de anclaje para muros cortina, ladrillo, hormig\u00f3n y estructuras de acero. La estructura del sistema de marco horizontal se puede utilizar como una pasarela para el mantenimiento general del edificio. Esto aporta un valor a\u00f1adido al sistema de protecci\u00f3n solar, convirti\u00e9ndola en una aplicaci\u00f3n extremadamente vers\u00e1til.<\/p>\n<p><a href=\"https:\/\/www.reynaers.es\/es-ES\/particulares\/extranet\/files\/product\/brochures\/bs_sp.pdf\" target=\"_blank\" rel=\"noopener\">M\u00e9s info<\/a><\/p>\n<\/div>\n<\/div><\/div><\/div><\/div><div id=\"pg-gb601-69f380cfc616a-1\"  class=\"panel-grid panel-no-style\" ><div id=\"pgc-gb601-69f380cfc616a-1-0\"  class=\"panel-grid-cell\" ><div id=\"panel-gb601-69f380cfc616a-1-0-0\" class=\"so-panel widget widget_sow-editor panel-first-child panel-last-child\" data-index=\"2\" ><div\n\t\t\t\n\t\t\tclass=\"so-widget-sow-editor so-widget-sow-editor-base\"\n\t\t\t\n\t\t>\n<div class=\"siteorigin-widget-tinymce textwidget\">\n\t<div tabindex=\"0\" class=\"cycloneslider cycloneslider-template-standard cycloneslider-width-responsive\" id=\"cycloneslider-bs-30-4\" style=\"max-width:960px\" > <div class=\"cycloneslider-slides cycle-slideshow\" data-cycle-allow-wrap=\"true\" data-cycle-dynamic-height=\"off\" data-cycle-auto-height=\"960:600\" data-cycle-auto-height-easing=\"null\" data-cycle-auto-height-speed=\"250\" data-cycle-delay=\"0\" data-cycle-easing=\"\" data-cycle-fx=\"fade\" data-cycle-hide-non-active=\"true\" data-cycle-log=\"false\" data-cycle-next=\"#cycloneslider-bs-30-4 .cycloneslider-next\" data-cycle-pager=\"#cycloneslider-bs-30-4 .cycloneslider-pager\" data-cycle-pause-on-hover=\"true\" data-cycle-prev=\"#cycloneslider-bs-30-4 .cycloneslider-prev\" data-cycle-slides=\"&gt; div\" data-cycle-speed=\"1000\" data-cycle-swipe=\"false\" data-cycle-tile-count=\"7\" data-cycle-tile-delay=\"100\" data-cycle-tile-vertical=\"true\" data-cycle-timeout=\"4000\" > <div class=\"cycloneslider-slide cycloneslider-slide-image\" > <img decoding=\"async\" src=\"https:\/\/vialpen.com\/wp-content\/uploads\/2019\/06\/Creando-Pantalla-Luz-Solar-Vialpen-960x600.png\" alt=\"\" title=\"\" \/> <\/div> <div class=\"cycloneslider-slide cycloneslider-slide-image\" > <img decoding=\"async\" src=\"https:\/\/vialpen.com\/wp-content\/uploads\/2019\/06\/Creando-Pantalla-Proteccion-Solar-Vialpen-960x600.png\" alt=\"\" title=\"\" \/> <\/div> <div class=\"cycloneslider-slide cycloneslider-slide-image\" > <img decoding=\"async\" src=\"https:\/\/vialpen.com\/wp-content\/uploads\/2019\/06\/Creando-Proteccion-Solar-Vialpen-960x600.png\" alt=\"\" title=\"\" \/> <\/div> <div class=\"cycloneslider-slide cycloneslider-slide-image\" > <img decoding=\"async\" src=\"https:\/\/vialpen.com\/wp-content\/uploads\/2019\/06\/Creando-Sombra-Vialpen-960x600.png\" alt=\"\" title=\"\" \/> <\/div> <div class=\"cycloneslider-slide cycloneslider-slide-image\" > <img decoding=\"async\" src=\"https:\/\/vialpen.com\/wp-content\/uploads\/2019\/06\/Creando-Vialpen-960x600.png\" alt=\"\" title=\"\" \/> <\/div> <\/div> <div class=\"cycloneslider-pager\"><\/div> <a href=\"#\" class=\"cycloneslider-prev\"> <span class=\"arrow\"><\/span> <\/a> <a href=\"#\" class=\"cycloneslider-next\"> <span class=\"arrow\"><\/span> <\/a> <\/div>\n<\/div>\n<\/div><\/div><\/div><div id=\"pgc-gb601-69f380cfc616a-1-1\"  class=\"panel-grid-cell\" ><div id=\"panel-gb601-69f380cfc616a-1-1-0\" class=\"so-panel widget widget_sow-editor panel-first-child panel-last-child\" data-index=\"3\" ><div\n\t\t\t\n\t\t\tclass=\"so-widget-sow-editor so-widget-sow-editor-base\"\n\t\t\t\n\t\t><h3 class=\"widget-title\">BS 30 Creando Sombra<\/h3>\n<div class=\"siteorigin-widget-tinymce textwidget\">\n\t<p>El Brise Soleil 30 es un sistema de marco que proporciona protecci\u00f3n solar en el plano horizontal mediante el uso de lamas con forma de Z . Este sistema de protecci\u00f3n solar puede prefabricarse completamente en el taller, lo que facilita la instalaci\u00f3n en obra. La estructura del sistema de marco horizontal se puede utilizar como una pasarela para el mantenimiento general del edificio. Esto aporta un valor a\u00f1adido al sistema de protecci\u00f3n solar. Los marcos tienen soluciones est\u00e1ndar de anclaje para muros cortina, ladrillo, hormig\u00f3n y estructuras de acero.<\/p>\n<p><a href=\"https:\/\/www.reynaers.es\/es-ES\/particulares\/extranet\/files\/product\/brochures\/bs_sp.pdf\" target=\"_blank\" rel=\"noopener\">M\u00e9s info<\/a><\/p>\n<\/div>\n<\/div><\/div><\/div><\/div><div id=\"pg-gb601-69f380cfc616a-2\"  class=\"panel-grid panel-no-style\" ><div id=\"pgc-gb601-69f380cfc616a-2-0\"  class=\"panel-grid-cell\" ><div id=\"panel-gb601-69f380cfc616a-2-0-0\" class=\"so-panel widget widget_sow-editor panel-first-child panel-last-child\" data-index=\"4\" ><div\n\t\t\t\n\t\t\tclass=\"so-widget-sow-editor so-widget-sow-editor-base\"\n\t\t\t\n\t\t>\n<div class=\"siteorigin-widget-tinymce textwidget\">\n\t<div tabindex=\"0\" class=\"cycloneslider cycloneslider-template-standard cycloneslider-width-responsive\" id=\"cycloneslider-bs-40-6\" style=\"max-width:960px\" > <div class=\"cycloneslider-slides cycle-slideshow\" data-cycle-allow-wrap=\"true\" data-cycle-dynamic-height=\"off\" data-cycle-auto-height=\"960:600\" data-cycle-auto-height-easing=\"null\" data-cycle-auto-height-speed=\"250\" data-cycle-delay=\"0\" data-cycle-easing=\"\" data-cycle-fx=\"fade\" data-cycle-hide-non-active=\"true\" data-cycle-log=\"false\" data-cycle-next=\"#cycloneslider-bs-40-6 .cycloneslider-next\" data-cycle-pager=\"#cycloneslider-bs-40-6 .cycloneslider-pager\" data-cycle-pause-on-hover=\"true\" data-cycle-prev=\"#cycloneslider-bs-40-6 .cycloneslider-prev\" data-cycle-slides=\"&gt; div\" data-cycle-speed=\"1000\" data-cycle-swipe=\"false\" data-cycle-tile-count=\"7\" data-cycle-tile-delay=\"100\" data-cycle-tile-vertical=\"true\" data-cycle-timeout=\"4000\" > <div class=\"cycloneslider-slide cycloneslider-slide-image\" > <img decoding=\"async\" src=\"https:\/\/vialpen.com\/wp-content\/uploads\/2019\/06\/BS-40-VIALPEN-01-960x600.png\" alt=\"\" title=\"\" \/> <\/div> <div class=\"cycloneslider-slide cycloneslider-slide-image\" > <img decoding=\"async\" src=\"https:\/\/vialpen.com\/wp-content\/uploads\/2019\/06\/BS-40-VIALPEN-02-960x600.png\" alt=\"\" title=\"\" \/> <\/div> <div class=\"cycloneslider-slide cycloneslider-slide-image\" > <img decoding=\"async\" src=\"https:\/\/vialpen.com\/wp-content\/uploads\/2019\/06\/BS-40-VIALPEN-03-960x600.png\" alt=\"\" title=\"\" \/> <\/div> <div class=\"cycloneslider-slide cycloneslider-slide-image\" > <img decoding=\"async\" src=\"https:\/\/vialpen.com\/wp-content\/uploads\/2019\/06\/BS-40-VIALPEN-04-960x600.png\" alt=\"\" title=\"\" \/> <\/div> <div class=\"cycloneslider-slide cycloneslider-slide-image\" > <img decoding=\"async\" src=\"https:\/\/vialpen.com\/wp-content\/uploads\/2019\/06\/BS-40-VIALPEN-05-960x600.png\" alt=\"\" title=\"\" \/> <\/div> <\/div> <div class=\"cycloneslider-pager\"><\/div> <a href=\"#\" class=\"cycloneslider-prev\"> <span class=\"arrow\"><\/span> <\/a> <a href=\"#\" class=\"cycloneslider-next\"> <span class=\"arrow\"><\/span> <\/a> <\/div>\n<\/div>\n<\/div><\/div><\/div><div id=\"pgc-gb601-69f380cfc616a-2-1\"  class=\"panel-grid-cell\" ><div id=\"panel-gb601-69f380cfc616a-2-1-0\" class=\"so-panel widget widget_sow-editor panel-first-child panel-last-child\" data-index=\"5\" ><div\n\t\t\t\n\t\t\tclass=\"so-widget-sow-editor so-widget-sow-editor-base\"\n\t\t\t\n\t\t><h3 class=\"widget-title\">BS 40 Persianas contempor\u00e1neas<\/h3>\n<div class=\"siteorigin-widget-tinymce textwidget\">\n\t<p>El sistema Brise Soleil 40 ofrece una soluci\u00f3n de protecci\u00f3n solar innovadora y est\u00e9tica para la conservaci\u00f3n de energ\u00eda, ideal para apartamentos y edificios peque\u00f1os. El sistema consta de elementos con lamas en forma de Z o curvadas. Estas persianas correderas se colocan en el exterior de las ventanas y se pueden desplazar de la ventana desliz\u00e1ndolas horizontalmente. Esta acci\u00f3n puede realizarse manualmente o mediante motorizaci\u00f3n.<\/p>\n<p>Los paneles del BS 40 est\u00e1n disponibles en diferentes configuraciones de correderas, de uno a tres paneles, uno detr\u00e1s del otro. Esto hace que sea una soluci\u00f3n ideal para controlar tanto la entrada de luz como el nivel de confort interior del edificio. El sistema BS 40 est\u00e1 disponible en varias opciones de montaje, para permitir la instalaci\u00f3n en el frontal de las fachadas, entre pisos o en cualquier combinaci\u00f3n de los mismos. Esto hace que sea una aplicaci\u00f3n extremadamente vers\u00e1til.<\/p>\n<p><a href=\"https:\/\/www.reynaers.es\/es-ES\/particulares\/extranet\/files\/product\/brochures\/bs40_sp.pdf\" target=\"_blank\" rel=\"noopener\">M\u00e9s info<\/a><\/p>\n<\/div>\n<\/div><\/div><\/div><\/div><\/div>","protected":false},"excerpt":{"rendered":"<p>El sistema Brise Soleil 100 ofrece una amplia gama de aplicaciones con lamas el\u00edpticas, creando la soluci\u00f3n de protecci\u00f3n solar &hellip; <a class=\"kt-excerpt-readmore\" href=\"https:\/\/vialpen.com\/es\/proteccio-solar\/\" aria-label=\"(Catal\u00e0) Protecci\u00f3 Solar\">Llegir m\u00e9s<\/a><\/p>\n","protected":false},"author":1,"featured_media":600,"parent":0,"menu_order":0,"comment_status":"closed","ping_status":"closed","template":"page-fullwidth.php","meta":{"footnotes":""},"class_list":["post-601","page","type-page","status-publish","has-post-thumbnail","hentry"],"yoast_head":"<!-- This site is optimized with the Yoast SEO plugin v27.5 - https:\/\/yoast.com\/product\/yoast-seo-wordpress\/ -->\n<title>Protecci\u00f3 Solar - Vialpen - Efic\u00e8ncie Energ\u00e8tica - Llum Natural<\/title>\n<meta name=\"description\" content=\"Uno de los retos m\u00e1s importantes del concepto de eficiencia energ\u00e9tica en los edificios es controlar la entrada de luz natural.\" \/>\n<meta name=\"robots\" content=\"index, follow, max-snippet:-1, max-image-preview:large, max-video-preview:-1\" \/>\n<link rel=\"canonical\" href=\"https:\/\/vialpen.com\/proteccio-solar\/\" \/>\n<meta property=\"og:locale\" content=\"es_ES\" \/>\n<meta property=\"og:type\" content=\"article\" \/>\n<meta property=\"og:title\" content=\"Protecci\u00f3 Solar - Vialpen - Efic\u00e8ncie Energ\u00e8tica - Llum Natural\" \/>\n<meta property=\"og:description\" content=\"Uno de los retos m\u00e1s importantes del concepto de eficiencia energ\u00e9tica en los edificios es controlar la entrada de luz natural.\" \/>\n<meta property=\"og:url\" content=\"https:\/\/vialpen.com\/proteccio-solar\/\" \/>\n<meta property=\"og:site_name\" content=\"VIALPEN 2000, sl\" \/>\n<meta property=\"article:modified_time\" content=\"2019-06-11T14:15:10+00:00\" \/>\n<meta property=\"og:image\" content=\"https:\/\/vialpen.com\/wp-content\/uploads\/2019\/06\/BS-100-vialpen-solar.png\" \/>\n\t<meta property=\"og:image:width\" content=\"818\" \/>\n\t<meta property=\"og:image:height\" content=\"1024\" \/>\n\t<meta property=\"og:image:type\" content=\"image\/png\" \/>\n<script type=\"application\/ld+json\" class=\"yoast-schema-graph\">{\"@context\":\"https:\\\/\\\/schema.org\",\"@graph\":[{\"@type\":\"WebPage\",\"@id\":\"https:\\\/\\\/vialpen.com\\\/proteccio-solar\\\/\",\"url\":\"https:\\\/\\\/vialpen.com\\\/proteccio-solar\\\/\",\"name\":\"Protecci\u00f3 Solar - Vialpen - Efic\u00e8ncie Energ\u00e8tica - Llum Natural\",\"isPartOf\":{\"@id\":\"https:\\\/\\\/vialpen.com\\\/#website\"},\"primaryImageOfPage\":{\"@id\":\"https:\\\/\\\/vialpen.com\\\/proteccio-solar\\\/#primaryimage\"},\"image\":{\"@id\":\"https:\\\/\\\/vialpen.com\\\/proteccio-solar\\\/#primaryimage\"},\"thumbnailUrl\":\"https:\\\/\\\/vialpen.com\\\/wp-content\\\/uploads\\\/2019\\\/06\\\/BS-100-vialpen-solar.png\",\"datePublished\":\"2019-06-11T08:28:47+00:00\",\"dateModified\":\"2019-06-11T14:15:10+00:00\",\"description\":\"Uno de los retos m\u00e1s importantes del concepto de eficiencia energ\u00e9tica en los edificios es controlar la entrada de luz natural.\",\"breadcrumb\":{\"@id\":\"https:\\\/\\\/vialpen.com\\\/proteccio-solar\\\/#breadcrumb\"},\"inLanguage\":\"es\",\"potentialAction\":[{\"@type\":\"ReadAction\",\"target\":[\"https:\\\/\\\/vialpen.com\\\/proteccio-solar\\\/\"]}]},{\"@type\":\"ImageObject\",\"inLanguage\":\"es\",\"@id\":\"https:\\\/\\\/vialpen.com\\\/proteccio-solar\\\/#primaryimage\",\"url\":\"https:\\\/\\\/vialpen.com\\\/wp-content\\\/uploads\\\/2019\\\/06\\\/BS-100-vialpen-solar.png\",\"contentUrl\":\"https:\\\/\\\/vialpen.com\\\/wp-content\\\/uploads\\\/2019\\\/06\\\/BS-100-vialpen-solar.png\",\"width\":818,\"height\":1024,\"caption\":\"BS 100 vialpen solar\"},{\"@type\":\"BreadcrumbList\",\"@id\":\"https:\\\/\\\/vialpen.com\\\/proteccio-solar\\\/#breadcrumb\",\"itemListElement\":[{\"@type\":\"ListItem\",\"position\":1,\"name\":\"Inici\",\"item\":\"https:\\\/\\\/vialpen.com\\\/\"},{\"@type\":\"ListItem\",\"position\":2,\"name\":\"Protecci\u00f3 Solar\"}]},{\"@type\":\"WebSite\",\"@id\":\"https:\\\/\\\/vialpen.com\\\/#website\",\"url\":\"https:\\\/\\\/vialpen.com\\\/\",\"name\":\"VIALPEN 2000, sl\",\"description\":\"Instal\u00b7lacions de vidre, alumini i PVC\",\"potentialAction\":[{\"@type\":\"SearchAction\",\"target\":{\"@type\":\"EntryPoint\",\"urlTemplate\":\"https:\\\/\\\/vialpen.com\\\/?s={search_term_string}\"},\"query-input\":{\"@type\":\"PropertyValueSpecification\",\"valueRequired\":true,\"valueName\":\"search_term_string\"}}],\"inLanguage\":\"es\"}]}<\/script>\n<!-- \/ Yoast SEO plugin. -->","yoast_head_json":{"title":"Protecci\u00f3 Solar - Vialpen - Efic\u00e8ncie Energ\u00e8tica - Llum Natural","description":"Uno de los retos m\u00e1s importantes del concepto de eficiencia energ\u00e9tica en los edificios es controlar la entrada de luz natural.","robots":{"index":"index","follow":"follow","max-snippet":"max-snippet:-1","max-image-preview":"max-image-preview:large","max-video-preview":"max-video-preview:-1"},"canonical":"https:\/\/vialpen.com\/proteccio-solar\/","og_locale":"es_ES","og_type":"article","og_title":"Protecci\u00f3 Solar - Vialpen - Efic\u00e8ncie Energ\u00e8tica - Llum Natural","og_description":"Uno de los retos m\u00e1s importantes del concepto de eficiencia energ\u00e9tica en los edificios es controlar la entrada de luz natural.","og_url":"https:\/\/vialpen.com\/proteccio-solar\/","og_site_name":"VIALPEN 2000, sl","article_modified_time":"2019-06-11T14:15:10+00:00","og_image":[{"width":818,"height":1024,"url":"https:\/\/vialpen.com\/wp-content\/uploads\/2019\/06\/BS-100-vialpen-solar.png","type":"image\/png"}],"schema":{"@context":"https:\/\/schema.org","@graph":[{"@type":"WebPage","@id":"https:\/\/vialpen.com\/proteccio-solar\/","url":"https:\/\/vialpen.com\/proteccio-solar\/","name":"Protecci\u00f3 Solar - Vialpen - Efic\u00e8ncie Energ\u00e8tica - Llum Natural","isPartOf":{"@id":"https:\/\/vialpen.com\/#website"},"primaryImageOfPage":{"@id":"https:\/\/vialpen.com\/proteccio-solar\/#primaryimage"},"image":{"@id":"https:\/\/vialpen.com\/proteccio-solar\/#primaryimage"},"thumbnailUrl":"https:\/\/vialpen.com\/wp-content\/uploads\/2019\/06\/BS-100-vialpen-solar.png","datePublished":"2019-06-11T08:28:47+00:00","dateModified":"2019-06-11T14:15:10+00:00","description":"Uno de los retos m\u00e1s importantes del concepto de eficiencia energ\u00e9tica en los edificios es controlar la entrada de luz natural.","breadcrumb":{"@id":"https:\/\/vialpen.com\/proteccio-solar\/#breadcrumb"},"inLanguage":"es","potentialAction":[{"@type":"ReadAction","target":["https:\/\/vialpen.com\/proteccio-solar\/"]}]},{"@type":"ImageObject","inLanguage":"es","@id":"https:\/\/vialpen.com\/proteccio-solar\/#primaryimage","url":"https:\/\/vialpen.com\/wp-content\/uploads\/2019\/06\/BS-100-vialpen-solar.png","contentUrl":"https:\/\/vialpen.com\/wp-content\/uploads\/2019\/06\/BS-100-vialpen-solar.png","width":818,"height":1024,"caption":"BS 100 vialpen solar"},{"@type":"BreadcrumbList","@id":"https:\/\/vialpen.com\/proteccio-solar\/#breadcrumb","itemListElement":[{"@type":"ListItem","position":1,"name":"Inici","item":"https:\/\/vialpen.com\/"},{"@type":"ListItem","position":2,"name":"Protecci\u00f3 Solar"}]},{"@type":"WebSite","@id":"https:\/\/vialpen.com\/#website","url":"https:\/\/vialpen.com\/","name":"VIALPEN 2000, sl","description":"Instal\u00b7lacions de vidre, alumini i PVC","potentialAction":[{"@type":"SearchAction","target":{"@type":"EntryPoint","urlTemplate":"https:\/\/vialpen.com\/?s={search_term_string}"},"query-input":{"@type":"PropertyValueSpecification","valueRequired":true,"valueName":"search_term_string"}}],"inLanguage":"es"}]}},"_links":{"self":[{"href":"https:\/\/vialpen.com\/es\/wp-json\/wp\/v2\/pages\/601","targetHints":{"allow":["GET"]}}],"collection":[{"href":"https:\/\/vialpen.com\/es\/wp-json\/wp\/v2\/pages"}],"about":[{"href":"https:\/\/vialpen.com\/es\/wp-json\/wp\/v2\/types\/page"}],"author":[{"embeddable":true,"href":"https:\/\/vialpen.com\/es\/wp-json\/wp\/v2\/users\/1"}],"replies":[{"embeddable":true,"href":"https:\/\/vialpen.com\/es\/wp-json\/wp\/v2\/comments?post=601"}],"version-history":[{"count":6,"href":"https:\/\/vialpen.com\/es\/wp-json\/wp\/v2\/pages\/601\/revisions"}],"predecessor-version":[{"id":623,"href":"https:\/\/vialpen.com\/es\/wp-json\/wp\/v2\/pages\/601\/revisions\/623"}],"wp:featuredmedia":[{"embeddable":true,"href":"https:\/\/vialpen.com\/es\/wp-json\/wp\/v2\/media\/600"}],"wp:attachment":[{"href":"https:\/\/vialpen.com\/es\/wp-json\/wp\/v2\/media?parent=601"}],"curies":[{"name":"wp","href":"https:\/\/api.w.org\/{rel}","templated":true}]}}