{"id":83,"date":"2015-07-30T12:39:58","date_gmt":"2015-07-30T12:39:58","guid":{"rendered":"http:\/\/vialpen.com\/?page_id=83"},"modified":"2018-04-30T14:00:28","modified_gmt":"2018-04-30T14:00:28","slug":"vialpen","status":"publish","type":"page","link":"https:\/\/vialpen.com\/es\/vialpen\/","title":{"rendered":"Vialpen"},"content":{"rendered":"<div id=\"pl-83\"  class=\"panel-layout\" ><div id=\"pg-83-0\"  class=\"panel-grid panel-no-style\" ><div id=\"pgc-83-0-0\"  class=\"panel-grid-cell\" ><div id=\"panel-83-0-0-0\" class=\"so-panel widget widget_text panel-first-child\" data-index=\"0\" >\t\t\t<div class=\"textwidget\"><div tabindex=\"0\" class=\"cycloneslider cycloneslider-template-standard cycloneslider-width-responsive\" id=\"cycloneslider-vialpen-1\" style=\"max-width:1600px\" >\n<div class=\"cycloneslider-slides cycle-slideshow\" data-cycle-allow-wrap=\"true\" data-cycle-dynamic-height=\"off\" data-cycle-auto-height=\"1600:500\" data-cycle-auto-height-easing=\"null\" data-cycle-auto-height-speed=\"250\" data-cycle-delay=\"0\" data-cycle-easing=\"\" data-cycle-fx=\"fade\" data-cycle-hide-non-active=\"true\" data-cycle-log=\"false\" data-cycle-next=\"#cycloneslider-vialpen-1 .cycloneslider-next\" data-cycle-pager=\"#cycloneslider-vialpen-1 .cycloneslider-pager\" data-cycle-pause-on-hover=\"true\" data-cycle-prev=\"#cycloneslider-vialpen-1 .cycloneslider-prev\" data-cycle-slides=\"&gt; div\" data-cycle-speed=\"1000\" data-cycle-swipe=\"false\" data-cycle-tile-count=\"7\" data-cycle-tile-delay=\"100\" data-cycle-tile-vertical=\"true\" data-cycle-timeout=\"4000\" >\n<div class=\"cycloneslider-slide cycloneslider-slide-image\" > <img decoding=\"async\" src=\"https:\/\/vialpen.com\/wp-content\/uploads\/2015\/07\/vialpen_home-1600x500.jpg\" alt=\"\" title=\"\" \/> <\/div>\n<\/p><\/div>\n<\/p><\/div>\n<\/div>\n\t\t<\/div><div id=\"panel-83-0-0-1\" class=\"so-panel widget widget_black-studio-tinymce widget_black_studio_tinymce\" data-index=\"1\" ><div class=\"panel-widget-style panel-widget-style-for-83-0-0-1\" ><div class=\"textwidget\"><h3 class=\"Estilo6\" align=\"justify\"><strong>VIALPEN <\/strong>est\u00e0 ubicada a Sant Cugat Sesgarrigues (Alt Pened\u00e8s) i es dedica des de 1998 a la <strong>col\u00b7locaci\u00f3 de tancament d\u2019alumini d\u2019alta qualitat<\/strong>, i per aix\u00f2 formem part de la xarxa d\u2019instal\u00b7ladors Reynaers Aluminium Experts, una empresa multinacional i capdavantera en el sector, la qual cosa garanteix la m\u00e0xima qualitat, professionalitat, garantia i seguretat en els nostres productes.<\/h3>\n<h3 class=\"Estilo6\" align=\"justify\">La nostra activitat principal es centre en el desenvolupament i l\u2019execuci\u00f3 de tota mena de <strong>solucions per satisfer les exig\u00e8ncies de les noves t\u00e8cniques de l\u2019Arquitectura<\/strong> i les demandes dels projectes que garanteixin la <strong>seguretat del producte<\/strong>.<\/h3>\n<\/div><\/div><\/div><div id=\"panel-83-0-0-2\" class=\"so-panel widget widget_text panel-last-child\" data-index=\"2\" >\t\t\t<div class=\"textwidget\"><script>\n  (function(i,s,o,g,r,a,m){i['GoogleAnalyticsObject']=r;i[r]=i[r]||function(){\n  (i[r].q=i[r].q||[]).push(arguments)},i[r].l=1*new Date();a=s.createElement(o),\n  m=s.getElementsByTagName(o)[0];a.async=1;a.src=g;m.parentNode.insertBefore(a,m)\n  })(window,document,'script','\/\/www.google-analytics.com\/analytics.js','ga');\n\n  ga('create', 'UA-38263364-5', 'auto');\n  ga('send', 'pageview');\n\n<\/script><\/div>\n\t\t<\/div><\/div><\/div><\/div>","protected":false},"excerpt":{"rendered":"<p>VIALPEN est\u00e0 ubicada a Sant Cugat Sesgarrigues (Alt Pened\u00e8s) i es dedica des de 1998 a la col\u00b7locaci\u00f3 de tancament &hellip; <a class=\"kt-excerpt-readmore\" href=\"https:\/\/vialpen.com\/es\/vialpen\/\" aria-label=\"Vialpen\">Llegir m\u00e9s<\/a><\/p>\n","protected":false},"author":1,"featured_media":0,"parent":0,"menu_order":0,"comment_status":"closed","ping_status":"open","template":"page-fullwidth.php","meta":{"footnotes":""},"class_list":["post-83","page","type-page","status-publish","hentry"],"yoast_head":"<!-- This site is optimized with the Yoast SEO plugin v27.5 - https:\/\/yoast.com\/product\/yoast-seo-wordpress\/ -->\n<title>VIALPEN<\/title>\n<meta name=\"description\" content=\"VIALPEN est\u00e0 ubicada a Sant Cugat Sesgarrigues (Alt Pened\u00e8s) i es dedica a la col\u00b7locaci\u00f3 de tancament d\u2019alumini d\u2019alta qualitat, i per aix\u00f2 formem part de la xarxa d\u2019instal\u00b7ladors Reynaers Aluminium Experts, una empresa multinacional i capdavantera en el sector. Disseny web: Disculpi Studio de Vilafranca. Cookies.\" \/>\n<meta name=\"robots\" content=\"index, follow, max-snippet:-1, max-image-preview:large, max-video-preview:-1\" \/>\n<link rel=\"canonical\" href=\"https:\/\/vialpen.com\/vialpen\/\" \/>\n<meta property=\"og:locale\" content=\"es_ES\" \/>\n<meta property=\"og:type\" content=\"article\" \/>\n<meta property=\"og:title\" content=\"VIALPEN\" \/>\n<meta property=\"og:description\" content=\"VIALPEN est\u00e0 ubicada a Sant Cugat Sesgarrigues (Alt Pened\u00e8s) i es dedica a la col\u00b7locaci\u00f3 de tancament d\u2019alumini d\u2019alta qualitat, i per aix\u00f2 formem part de la xarxa d\u2019instal\u00b7ladors Reynaers Aluminium Experts, una empresa multinacional i capdavantera en el sector. Disseny web: Disculpi Studio de Vilafranca. Cookies.\" \/>\n<meta property=\"og:url\" content=\"https:\/\/vialpen.com\/vialpen\/\" \/>\n<meta property=\"og:site_name\" content=\"VIALPEN 2000, sl\" \/>\n<meta property=\"article:modified_time\" content=\"2018-04-30T14:00:28+00:00\" \/>\n<meta property=\"og:image\" content=\"http:\/\/vialpen.com\/wp-content\/uploads\/2015\/07\/vialpen_home-1600x500.jpg\" \/>\n<meta name=\"twitter:label1\" content=\"Tiempo de lectura\" \/>\n\t<meta name=\"twitter:data1\" content=\"1 minuto\" \/>\n<script type=\"application\/ld+json\" class=\"yoast-schema-graph\">{\"@context\":\"https:\\\/\\\/schema.org\",\"@graph\":[{\"@type\":\"WebPage\",\"@id\":\"https:\\\/\\\/vialpen.com\\\/vialpen\\\/\",\"url\":\"https:\\\/\\\/vialpen.com\\\/vialpen\\\/\",\"name\":\"VIALPEN\",\"isPartOf\":{\"@id\":\"https:\\\/\\\/vialpen.com\\\/#website\"},\"primaryImageOfPage\":{\"@id\":\"https:\\\/\\\/vialpen.com\\\/vialpen\\\/#primaryimage\"},\"image\":{\"@id\":\"https:\\\/\\\/vialpen.com\\\/vialpen\\\/#primaryimage\"},\"thumbnailUrl\":\"http:\\\/\\\/vialpen.com\\\/wp-content\\\/uploads\\\/2015\\\/07\\\/vialpen_home-1600x500.jpg\",\"datePublished\":\"2015-07-30T12:39:58+00:00\",\"dateModified\":\"2018-04-30T14:00:28+00:00\",\"description\":\"VIALPEN est\u00e0 ubicada a Sant Cugat Sesgarrigues (Alt Pened\u00e8s) i es dedica a la col\u00b7locaci\u00f3 de tancament d\u2019alumini d\u2019alta qualitat, i per aix\u00f2 formem part de la xarxa d\u2019instal\u00b7ladors Reynaers Aluminium Experts, una empresa multinacional i capdavantera en el sector. Disseny web: Disculpi Studio de Vilafranca. Cookies.\",\"breadcrumb\":{\"@id\":\"https:\\\/\\\/vialpen.com\\\/vialpen\\\/#breadcrumb\"},\"inLanguage\":\"es\",\"potentialAction\":[{\"@type\":\"ReadAction\",\"target\":[\"https:\\\/\\\/vialpen.com\\\/vialpen\\\/\"]}]},{\"@type\":\"ImageObject\",\"inLanguage\":\"es\",\"@id\":\"https:\\\/\\\/vialpen.com\\\/vialpen\\\/#primaryimage\",\"url\":\"http:\\\/\\\/vialpen.com\\\/wp-content\\\/uploads\\\/2015\\\/07\\\/vialpen_home-1600x500.jpg\",\"contentUrl\":\"http:\\\/\\\/vialpen.com\\\/wp-content\\\/uploads\\\/2015\\\/07\\\/vialpen_home-1600x500.jpg\"},{\"@type\":\"BreadcrumbList\",\"@id\":\"https:\\\/\\\/vialpen.com\\\/vialpen\\\/#breadcrumb\",\"itemListElement\":[{\"@type\":\"ListItem\",\"position\":1,\"name\":\"Inici\",\"item\":\"https:\\\/\\\/vialpen.com\\\/\"},{\"@type\":\"ListItem\",\"position\":2,\"name\":\"Vialpen\"}]},{\"@type\":\"WebSite\",\"@id\":\"https:\\\/\\\/vialpen.com\\\/#website\",\"url\":\"https:\\\/\\\/vialpen.com\\\/\",\"name\":\"VIALPEN 2000, sl\",\"description\":\"Instal\u00b7lacions de vidre, alumini i PVC\",\"potentialAction\":[{\"@type\":\"SearchAction\",\"target\":{\"@type\":\"EntryPoint\",\"urlTemplate\":\"https:\\\/\\\/vialpen.com\\\/?s={search_term_string}\"},\"query-input\":{\"@type\":\"PropertyValueSpecification\",\"valueRequired\":true,\"valueName\":\"search_term_string\"}}],\"inLanguage\":\"es\"}]}<\/script>\n<!-- \/ Yoast SEO plugin. -->","yoast_head_json":{"title":"VIALPEN","description":"VIALPEN est\u00e0 ubicada a Sant Cugat Sesgarrigues (Alt Pened\u00e8s) i es dedica a la col\u00b7locaci\u00f3 de tancament d\u2019alumini d\u2019alta qualitat, i per aix\u00f2 formem part de la xarxa d\u2019instal\u00b7ladors Reynaers Aluminium Experts, una empresa multinacional i capdavantera en el sector. Disseny web: Disculpi Studio de Vilafranca. Cookies.","robots":{"index":"index","follow":"follow","max-snippet":"max-snippet:-1","max-image-preview":"max-image-preview:large","max-video-preview":"max-video-preview:-1"},"canonical":"https:\/\/vialpen.com\/vialpen\/","og_locale":"es_ES","og_type":"article","og_title":"VIALPEN","og_description":"VIALPEN est\u00e0 ubicada a Sant Cugat Sesgarrigues (Alt Pened\u00e8s) i es dedica a la col\u00b7locaci\u00f3 de tancament d\u2019alumini d\u2019alta qualitat, i per aix\u00f2 formem part de la xarxa d\u2019instal\u00b7ladors Reynaers Aluminium Experts, una empresa multinacional i capdavantera en el sector. Disseny web: Disculpi Studio de Vilafranca. Cookies.","og_url":"https:\/\/vialpen.com\/vialpen\/","og_site_name":"VIALPEN 2000, sl","article_modified_time":"2018-04-30T14:00:28+00:00","og_image":[{"url":"http:\/\/vialpen.com\/wp-content\/uploads\/2015\/07\/vialpen_home-1600x500.jpg","type":"","width":"","height":""}],"twitter_misc":{"Tiempo de lectura":"1 minuto"},"schema":{"@context":"https:\/\/schema.org","@graph":[{"@type":"WebPage","@id":"https:\/\/vialpen.com\/vialpen\/","url":"https:\/\/vialpen.com\/vialpen\/","name":"VIALPEN","isPartOf":{"@id":"https:\/\/vialpen.com\/#website"},"primaryImageOfPage":{"@id":"https:\/\/vialpen.com\/vialpen\/#primaryimage"},"image":{"@id":"https:\/\/vialpen.com\/vialpen\/#primaryimage"},"thumbnailUrl":"http:\/\/vialpen.com\/wp-content\/uploads\/2015\/07\/vialpen_home-1600x500.jpg","datePublished":"2015-07-30T12:39:58+00:00","dateModified":"2018-04-30T14:00:28+00:00","description":"VIALPEN est\u00e0 ubicada a Sant Cugat Sesgarrigues (Alt Pened\u00e8s) i es dedica a la col\u00b7locaci\u00f3 de tancament d\u2019alumini d\u2019alta qualitat, i per aix\u00f2 formem part de la xarxa d\u2019instal\u00b7ladors Reynaers Aluminium Experts, una empresa multinacional i capdavantera en el sector. Disseny web: Disculpi Studio de Vilafranca. Cookies.","breadcrumb":{"@id":"https:\/\/vialpen.com\/vialpen\/#breadcrumb"},"inLanguage":"es","potentialAction":[{"@type":"ReadAction","target":["https:\/\/vialpen.com\/vialpen\/"]}]},{"@type":"ImageObject","inLanguage":"es","@id":"https:\/\/vialpen.com\/vialpen\/#primaryimage","url":"http:\/\/vialpen.com\/wp-content\/uploads\/2015\/07\/vialpen_home-1600x500.jpg","contentUrl":"http:\/\/vialpen.com\/wp-content\/uploads\/2015\/07\/vialpen_home-1600x500.jpg"},{"@type":"BreadcrumbList","@id":"https:\/\/vialpen.com\/vialpen\/#breadcrumb","itemListElement":[{"@type":"ListItem","position":1,"name":"Inici","item":"https:\/\/vialpen.com\/"},{"@type":"ListItem","position":2,"name":"Vialpen"}]},{"@type":"WebSite","@id":"https:\/\/vialpen.com\/#website","url":"https:\/\/vialpen.com\/","name":"VIALPEN 2000, sl","description":"Instal\u00b7lacions de vidre, alumini i PVC","potentialAction":[{"@type":"SearchAction","target":{"@type":"EntryPoint","urlTemplate":"https:\/\/vialpen.com\/?s={search_term_string}"},"query-input":{"@type":"PropertyValueSpecification","valueRequired":true,"valueName":"search_term_string"}}],"inLanguage":"es"}]}},"_links":{"self":[{"href":"https:\/\/vialpen.com\/es\/wp-json\/wp\/v2\/pages\/83","targetHints":{"allow":["GET"]}}],"collection":[{"href":"https:\/\/vialpen.com\/es\/wp-json\/wp\/v2\/pages"}],"about":[{"href":"https:\/\/vialpen.com\/es\/wp-json\/wp\/v2\/types\/page"}],"author":[{"embeddable":true,"href":"https:\/\/vialpen.com\/es\/wp-json\/wp\/v2\/users\/1"}],"replies":[{"embeddable":true,"href":"https:\/\/vialpen.com\/es\/wp-json\/wp\/v2\/comments?post=83"}],"version-history":[{"count":12,"href":"https:\/\/vialpen.com\/es\/wp-json\/wp\/v2\/pages\/83\/revisions"}],"predecessor-version":[{"id":415,"href":"https:\/\/vialpen.com\/es\/wp-json\/wp\/v2\/pages\/83\/revisions\/415"}],"wp:attachment":[{"href":"https:\/\/vialpen.com\/es\/wp-json\/wp\/v2\/media?parent=83"}],"curies":[{"name":"wp","href":"https:\/\/api.w.org\/{rel}","templated":true}]}}