{"id":87,"date":"2015-07-30T12:46:04","date_gmt":"2015-07-30T12:46:04","guid":{"rendered":"http:\/\/vialpen.com\/?page_id=87"},"modified":"2018-04-30T13:59:22","modified_gmt":"2018-04-30T13:59:22","slug":"productes","status":"publish","type":"page","link":"https:\/\/vialpen.com\/es\/productes\/","title":{"rendered":"Productes"},"content":{"rendered":"<div id=\"pl-87\"  class=\"panel-layout\" ><div id=\"pg-87-0\"  class=\"panel-grid panel-has-style\" ><div class=\"panel-row-style panel-row-style-for-87-0\" ><div id=\"pgc-87-0-0\"  class=\"panel-grid-cell\" ><div id=\"panel-87-0-0-0\" class=\"so-panel widget widget_black-studio-tinymce widget_black_studio_tinymce panel-first-child panel-last-child\" data-index=\"0\" ><div class=\"panel-widget-style panel-widget-style-for-87-0-0-0\" ><div class=\"textwidget\"><h3><strong>Una gamma variada, una mateixa qualitat<br \/><\/strong><\/h3>\n<h3>La xarxa d'instal\u00b7ladors Reynaers Aluminium Experts proposa una gamma variada de sistemes moderns per a construccions d'alumini. En la nostra empresa trobar\u00e0 completes s\u00e8ries de finestres i portes, aix\u00ed com sistemes per a corredisses, fa\u00e7anes, verandes, baranes i mallorquines. Consulti el nostre cat\u00e0leg.<\/h3>\n<h3>L'alumini ofereix nombrosos avantatges, tant en obra nova com en rehabilitaci\u00f3, ja que esdev\u00e9 una soluci\u00f3 robusta, est\u00e8tica, multicolor i ecol\u00f2gica.<\/h3>\n<h3>L'immens avantatge de l'alumini \u00e9s la robustesa del material: no es pot trencar ni deformar. Si un perfil est\u00e0 seriosament danyat, generalment es pot reparar.<\/h3>\n<h3>Recordi que li oferim m\u00e9s de 400 colors RAL mats o brillants, metal\u00b7litzats, anoditzats o d\u2019imitaci\u00f3 de fusta per escollir. Els tractaments superficials es realitzen segons els est\u00e0ndards de Qualicoat per al lacatge iQualanod per a l'anoditzat.<\/h3>\n<h3>El m\u00ednim manteniment dels seus tancaments d'alumini li estalviar\u00e0 temps i diners. Oblidi's de les repintades anuals de les seves velles finestres de fusta. L\u2019estructura d'alumini es pot netejar simplement al mateix temps que el vidre. Amb aigua, una esponja que no ratlli i un sab\u00f3 neutre. Els m\u00ednims o nuls racons i ranures eviten que s\u2019hi posin la pols i la brut\u00edcia. Una estructura d'alumini molt bruta es pot netejar amb productes especials. Els trobar\u00e0 en el joc de neteja Reynaers Cleaning Box.<\/h3>\n<\/div><\/div><\/div><\/div><div id=\"pgc-87-0-1\"  class=\"panel-grid-cell\" >\n\n          <div id=\"panel-87-0-1-0\" class=\"so-panel widget widget_virtue_infobox_widget virtue_infobox_widget panel-first-child\" data-index=\"1\" >\t<a href=\"http:\/\/vialpen.com\/productes\/finestres\" target=\"_self\" class=\"kadinfolink\">\t<div class=\"kad-info-box kad-info-box-13  clearfix\" style=\"background:#1e73be\">\n\t\t \n\t\t\t<img decoding=\"async\" src=\"http:\/\/vialpen.com\/wp-content\/uploads\/2015\/07\/vialpen_window.png\" alt=\"\">\n\t\t <h4>Finestres<\/h4> <p>La nostra \u00e0mplia gamma de sistemes s'adapten a qualsevol mena de tancament i necessitat. Disponibles amb ruptura o sense del pont t\u00e8rmic. Permeten qualsevol tipus d'obertura: practicables, oscil\u00b7lobatents, abatibles, projectants, axiformes\u2026 I \u00e9s possible adaptar registre de persiana en tots.<\/p>\t<\/div>\n\t<\/a><style type=\"text\/css\" media=\"screen\">.kad-info-box-13 h1, .kad-info-box-13 h2, .kad-info-box-13 h3, .kad-info-box-13 h4, .kad-info-box-13 h5, .kad-info-box-13 p {color:#ffffff;}<\/style>\t<\/div>\n    \n\n          <div id=\"panel-87-0-1-1\" class=\"so-panel widget widget_virtue_infobox_widget virtue_infobox_widget\" data-index=\"2\" >\t<a href=\"http:\/\/vialpen.com\/productes\/portes\" target=\"_self\" class=\"kadinfolink\">\t<div class=\"kad-info-box kad-info-box-68  clearfix\" style=\"background:#1e73be\">\n\t\t \n\t\t\t<img decoding=\"async\" src=\"http:\/\/vialpen.com\/wp-content\/uploads\/2015\/07\/vialpen_puerta.png\" alt=\"\">\n\t\t <h4>Portes<\/h4> <p>Els nostres sistemes permeten fabricar portes d'una fulla o de doble fulla, tant d'obertura interior com exterior. I \u00e9s possible de col\u00b7locar-hi plafons d'estil cl\u00e0ssic o de disseny.\n\n\n<\/p>\t<\/div>\n\t<\/a><style type=\"text\/css\" media=\"screen\">.kad-info-box-68 h1, .kad-info-box-68 h2, .kad-info-box-68 h3, .kad-info-box-68 h4, .kad-info-box-68 h5, .kad-info-box-68 p {color:#ffffff;}<\/style>\t<\/div>\n    \n\n          <div id=\"panel-87-0-1-2\" class=\"so-panel widget widget_virtue_infobox_widget virtue_infobox_widget\" data-index=\"3\" >\t<a href=\"http:\/\/vialpen.com\/productes\/corredisses\" target=\"_self\" class=\"kadinfolink\">\t<div class=\"kad-info-box kad-info-box-15  clearfix\" style=\"background:#1e73be\">\n\t\t \n\t\t\t<img decoding=\"async\" src=\"http:\/\/vialpen.com\/wp-content\/uploads\/2015\/07\/vialpen-corradissa.png\" alt=\"\">\n\t\t <h4>Corredisses<\/h4> <p>Els nostres tancaments corredissos s'adapten a les necessitats m\u00e9s variades: finestres corredisses lleugeres, portes corredisses de pes elevat, corredisses-elevables d'alt a\u00efllament i estanquitat\u2026 tant si hi ha ruptura de pont t\u00e8rmic com si no. I amb la possibilitat d'adaptar un registre de persiana en tots els casos.<\/p>\t<\/div>\n\t<\/a><style type=\"text\/css\" media=\"screen\">.kad-info-box-15 h1, .kad-info-box-15 h2, .kad-info-box-15 h3, .kad-info-box-15 h4, .kad-info-box-15 h5, .kad-info-box-15 p {color:#ffffff;}<\/style>\t<\/div>\n    \n\n          <div id=\"panel-87-0-1-3\" class=\"so-panel widget widget_virtue_infobox_widget virtue_infobox_widget\" data-index=\"4\" >\t<a href=\"http:\/\/vialpen.com\/productes\/fa\u00e7anes\" target=\"_self\" class=\"kadinfolink\">\t<div class=\"kad-info-box kad-info-box-36  clearfix\" style=\"background:#1e73be\">\n\t\t \n\t\t\t<img decoding=\"async\" src=\"http:\/\/vialpen.com\/wp-content\/uploads\/2015\/07\/vialpen-fac\u0327ana.png\" alt=\"\">\n\t\t <h4>Fa\u00e7anes<\/h4> <p>Els nostres murs cortina per a la realitzaci\u00f3 de fa\u00e7anes han estat dissenyats espec\u00edficament per respondre a les demandes de l'arquitectura contempor\u00e0nia. Disponibles amb ruptura o sense de pont t\u00e8rmic. Depenent de les seves necessitats, pot optar per un sistema de graella tradicional (amb totes les seves variants est\u00e8tiques), vidriera estructural, tramat horitzontal o per la tecnologia punta de la fa\u00e7ana composta modular que permet un muntatge extremadament r\u00e0pid en obra.<\/p>\t<\/div>\n\t<\/a><style type=\"text\/css\" media=\"screen\">.kad-info-box-36 h1, .kad-info-box-36 h2, .kad-info-box-36 h3, .kad-info-box-36 h4, .kad-info-box-36 h5, .kad-info-box-36 p {color:#ffffff;}<\/style>\t<\/div>\n    \n\n          <div id=\"panel-87-0-1-4\" class=\"so-panel widget widget_virtue_infobox_widget virtue_infobox_widget\" data-index=\"5\" >\t<a href=\"http:\/\/vialpen.com\/productes\/verandes\" target=\"_self\" class=\"kadinfolink\">\t<div class=\"kad-info-box kad-info-box-57  clearfix\" style=\"background:#1e73be\">\n\t\t \n\t\t\t<img decoding=\"async\" src=\"http:\/\/vialpen.com\/wp-content\/uploads\/2015\/07\/vialpen-verandes.png\" alt=\"\">\n\t\t <h4>Verandes<\/h4> <p>En el segment de les cobertes, c\u00fapules, verandes o claraboies, li oferim una completa gamma de possibilitats. Cada sistema garanteix una soluci\u00f3 \u00f2ptima tant des del punt de vista t\u00e8cnic com est\u00e8tic, de les cobertes m\u00e9s simples a les m\u00e9s complexes. I sempre amb la garantia d'una elevada estanquitat i un \u00f2ptim a\u00efllament t\u00e8rmic. Qualsevol tipus de sistema per a corredisses i portes i finestres es pot combinar f\u00e0cilment amb les nostres cobertes.<\/p>\t<\/div>\n\t<\/a><style type=\"text\/css\" media=\"screen\">.kad-info-box-57 h1, .kad-info-box-57 h2, .kad-info-box-57 h3, .kad-info-box-57 h4, .kad-info-box-57 h5, .kad-info-box-57 p {color:#ffffff;}<\/style>\t<\/div>\n    \n\n          <div id=\"panel-87-0-1-5\" class=\"so-panel widget widget_virtue_infobox_widget virtue_infobox_widget\" data-index=\"6\" >\t<a href=\"http:\/\/vialpen.com\/productes\/baranes\" target=\"_self\" class=\"kadinfolink\">\t<div class=\"kad-info-box kad-info-box-89  clearfix\" style=\"background:#1e73be\">\n\t\t \n\t\t\t<img decoding=\"async\" src=\"http:\/\/vialpen.com\/wp-content\/uploads\/2015\/07\/vialpen-barana.png\" alt=\"\">\n\t\t <h4>Baranes<\/h4> <p>Li oferim un sistema per a baranes d'alta seguretat i que li permet triar entre diversos estils est\u00e8tics, per tal d'adaptar-se sense problemes a les seves necessitats m\u00e9s exigents. <\/p>\t<\/div>\n\t<\/a><style type=\"text\/css\" media=\"screen\">.kad-info-box-89 h1, .kad-info-box-89 h2, .kad-info-box-89 h3, .kad-info-box-89 h4, .kad-info-box-89 h5, .kad-info-box-89 p {color:#ffffff;}<\/style>\t<\/div>\n    \n\n          <div id=\"panel-87-0-1-6\" class=\"so-panel widget widget_virtue_infobox_widget virtue_infobox_widget\" data-index=\"7\" >\t<a href=\"http:\/\/vialpen.com\/productes\/mallorquines\" target=\"_self\" class=\"kadinfolink\">\t<div class=\"kad-info-box kad-info-box-64  clearfix\" style=\"background:#1e73be\">\n\t\t \n\t\t\t<img decoding=\"async\" src=\"http:\/\/vialpen.com\/wp-content\/uploads\/2015\/07\/vialpen-mallorquina.png\" alt=\"\">\n\t\t <h4>Mallorquines<\/h4> <p>Com a protecci\u00f3 solar exterior, disposem d'un complet sistema de mallorquines adaptable a qualsevol necessitat. <\/p>\t<\/div>\n\t<\/a><style type=\"text\/css\" media=\"screen\">.kad-info-box-64 h1, .kad-info-box-64 h2, .kad-info-box-64 h3, .kad-info-box-64 h4, .kad-info-box-64 h5, .kad-info-box-64 p {color:#ffffff;}<\/style>\t<\/div>\n    <div id=\"panel-87-0-1-7\" class=\"so-panel widget widget_text panel-last-child\" data-index=\"8\" >\t\t\t<div class=\"textwidget\"><script>\n  (function(i,s,o,g,r,a,m){i['GoogleAnalyticsObject']=r;i[r]=i[r]||function(){\n  (i[r].q=i[r].q||[]).push(arguments)},i[r].l=1*new Date();a=s.createElement(o),\n  m=s.getElementsByTagName(o)[0];a.async=1;a.src=g;m.parentNode.insertBefore(a,m)\n  })(window,document,'script','\/\/www.google-analytics.com\/analytics.js','ga');\n\n  ga('create', 'UA-38263364-5', 'auto');\n  ga('send', 'pageview');\n\n<\/script><\/div>\n\t\t<\/div><\/div><\/div><\/div><\/div>","protected":false},"excerpt":{"rendered":"<p>Una gamma variada, una mateixa qualitatLa xarxa d&#8217;instal\u00b7ladors Reynaers Aluminium Experts proposa una gamma variada de sistemes moderns per a &hellip; <a class=\"kt-excerpt-readmore\" href=\"https:\/\/vialpen.com\/es\/productes\/\" aria-label=\"Productes\">Llegir m\u00e9s<\/a><\/p>\n","protected":false},"author":1,"featured_media":0,"parent":0,"menu_order":0,"comment_status":"closed","ping_status":"open","template":"page-fullwidth.php","meta":{"footnotes":""},"class_list":["post-87","page","type-page","status-publish","hentry"],"yoast_head":"<!-- This site is optimized with the Yoast SEO plugin v27.5 - https:\/\/yoast.com\/product\/yoast-seo-wordpress\/ -->\n<title>Productes- VIALPEN<\/title>\n<meta name=\"description\" content=\"VIALPEN est\u00e0 ubicada a Sant Cugat Sesgarrigues (Alt Pened\u00e8s) i es dedica a la col\u00b7locaci\u00f3 de tancament d\u2019alumini d\u2019alta qualitat, i per aix\u00f2 formem part de la xarxa d\u2019instal\u00b7ladors Reynaers Aluminium Experts, una empresa multinacional i capdavantera en el sector. Disseny web: Disculpi Studio de Vilafranca. Productes.\" \/>\n<meta name=\"robots\" content=\"index, follow, max-snippet:-1, max-image-preview:large, max-video-preview:-1\" \/>\n<link rel=\"canonical\" href=\"https:\/\/vialpen.com\/productes\/\" \/>\n<meta property=\"og:locale\" content=\"es_ES\" \/>\n<meta property=\"og:type\" content=\"article\" \/>\n<meta property=\"og:title\" content=\"Productes- VIALPEN\" \/>\n<meta property=\"og:description\" content=\"VIALPEN est\u00e0 ubicada a Sant Cugat Sesgarrigues (Alt Pened\u00e8s) i es dedica a la col\u00b7locaci\u00f3 de tancament d\u2019alumini d\u2019alta qualitat, i per aix\u00f2 formem part de la xarxa d\u2019instal\u00b7ladors Reynaers Aluminium Experts, una empresa multinacional i capdavantera en el sector. Disseny web: Disculpi Studio de Vilafranca. Productes.\" \/>\n<meta property=\"og:url\" content=\"https:\/\/vialpen.com\/productes\/\" \/>\n<meta property=\"og:site_name\" content=\"VIALPEN 2000, sl\" \/>\n<meta property=\"article:modified_time\" content=\"2018-04-30T13:59:22+00:00\" \/>\n<meta name=\"twitter:label1\" content=\"Tiempo de lectura\" \/>\n\t<meta name=\"twitter:data1\" content=\"1 minuto\" \/>\n<script type=\"application\/ld+json\" class=\"yoast-schema-graph\">{\"@context\":\"https:\\\/\\\/schema.org\",\"@graph\":[{\"@type\":\"WebPage\",\"@id\":\"https:\\\/\\\/vialpen.com\\\/productes\\\/\",\"url\":\"https:\\\/\\\/vialpen.com\\\/productes\\\/\",\"name\":\"Productes- VIALPEN\",\"isPartOf\":{\"@id\":\"https:\\\/\\\/vialpen.com\\\/#website\"},\"datePublished\":\"2015-07-30T12:46:04+00:00\",\"dateModified\":\"2018-04-30T13:59:22+00:00\",\"description\":\"VIALPEN est\u00e0 ubicada a Sant Cugat Sesgarrigues (Alt Pened\u00e8s) i es dedica a la col\u00b7locaci\u00f3 de tancament d\u2019alumini d\u2019alta qualitat, i per aix\u00f2 formem part de la xarxa d\u2019instal\u00b7ladors Reynaers Aluminium Experts, una empresa multinacional i capdavantera en el sector. Disseny web: Disculpi Studio de Vilafranca. Productes.\",\"breadcrumb\":{\"@id\":\"https:\\\/\\\/vialpen.com\\\/productes\\\/#breadcrumb\"},\"inLanguage\":\"es\",\"potentialAction\":[{\"@type\":\"ReadAction\",\"target\":[\"https:\\\/\\\/vialpen.com\\\/productes\\\/\"]}]},{\"@type\":\"BreadcrumbList\",\"@id\":\"https:\\\/\\\/vialpen.com\\\/productes\\\/#breadcrumb\",\"itemListElement\":[{\"@type\":\"ListItem\",\"position\":1,\"name\":\"Inici\",\"item\":\"https:\\\/\\\/vialpen.com\\\/\"},{\"@type\":\"ListItem\",\"position\":2,\"name\":\"Productes\"}]},{\"@type\":\"WebSite\",\"@id\":\"https:\\\/\\\/vialpen.com\\\/#website\",\"url\":\"https:\\\/\\\/vialpen.com\\\/\",\"name\":\"VIALPEN 2000, sl\",\"description\":\"Instal\u00b7lacions de vidre, alumini i PVC\",\"potentialAction\":[{\"@type\":\"SearchAction\",\"target\":{\"@type\":\"EntryPoint\",\"urlTemplate\":\"https:\\\/\\\/vialpen.com\\\/?s={search_term_string}\"},\"query-input\":{\"@type\":\"PropertyValueSpecification\",\"valueRequired\":true,\"valueName\":\"search_term_string\"}}],\"inLanguage\":\"es\"}]}<\/script>\n<!-- \/ Yoast SEO plugin. -->","yoast_head_json":{"title":"Productes- VIALPEN","description":"VIALPEN est\u00e0 ubicada a Sant Cugat Sesgarrigues (Alt Pened\u00e8s) i es dedica a la col\u00b7locaci\u00f3 de tancament d\u2019alumini d\u2019alta qualitat, i per aix\u00f2 formem part de la xarxa d\u2019instal\u00b7ladors Reynaers Aluminium Experts, una empresa multinacional i capdavantera en el sector. Disseny web: Disculpi Studio de Vilafranca. Productes.","robots":{"index":"index","follow":"follow","max-snippet":"max-snippet:-1","max-image-preview":"max-image-preview:large","max-video-preview":"max-video-preview:-1"},"canonical":"https:\/\/vialpen.com\/productes\/","og_locale":"es_ES","og_type":"article","og_title":"Productes- VIALPEN","og_description":"VIALPEN est\u00e0 ubicada a Sant Cugat Sesgarrigues (Alt Pened\u00e8s) i es dedica a la col\u00b7locaci\u00f3 de tancament d\u2019alumini d\u2019alta qualitat, i per aix\u00f2 formem part de la xarxa d\u2019instal\u00b7ladors Reynaers Aluminium Experts, una empresa multinacional i capdavantera en el sector. Disseny web: Disculpi Studio de Vilafranca. Productes.","og_url":"https:\/\/vialpen.com\/productes\/","og_site_name":"VIALPEN 2000, sl","article_modified_time":"2018-04-30T13:59:22+00:00","twitter_misc":{"Tiempo de lectura":"1 minuto"},"schema":{"@context":"https:\/\/schema.org","@graph":[{"@type":"WebPage","@id":"https:\/\/vialpen.com\/productes\/","url":"https:\/\/vialpen.com\/productes\/","name":"Productes- VIALPEN","isPartOf":{"@id":"https:\/\/vialpen.com\/#website"},"datePublished":"2015-07-30T12:46:04+00:00","dateModified":"2018-04-30T13:59:22+00:00","description":"VIALPEN est\u00e0 ubicada a Sant Cugat Sesgarrigues (Alt Pened\u00e8s) i es dedica a la col\u00b7locaci\u00f3 de tancament d\u2019alumini d\u2019alta qualitat, i per aix\u00f2 formem part de la xarxa d\u2019instal\u00b7ladors Reynaers Aluminium Experts, una empresa multinacional i capdavantera en el sector. Disseny web: Disculpi Studio de Vilafranca. Productes.","breadcrumb":{"@id":"https:\/\/vialpen.com\/productes\/#breadcrumb"},"inLanguage":"es","potentialAction":[{"@type":"ReadAction","target":["https:\/\/vialpen.com\/productes\/"]}]},{"@type":"BreadcrumbList","@id":"https:\/\/vialpen.com\/productes\/#breadcrumb","itemListElement":[{"@type":"ListItem","position":1,"name":"Inici","item":"https:\/\/vialpen.com\/"},{"@type":"ListItem","position":2,"name":"Productes"}]},{"@type":"WebSite","@id":"https:\/\/vialpen.com\/#website","url":"https:\/\/vialpen.com\/","name":"VIALPEN 2000, sl","description":"Instal\u00b7lacions de vidre, alumini i PVC","potentialAction":[{"@type":"SearchAction","target":{"@type":"EntryPoint","urlTemplate":"https:\/\/vialpen.com\/?s={search_term_string}"},"query-input":{"@type":"PropertyValueSpecification","valueRequired":true,"valueName":"search_term_string"}}],"inLanguage":"es"}]}},"_links":{"self":[{"href":"https:\/\/vialpen.com\/es\/wp-json\/wp\/v2\/pages\/87","targetHints":{"allow":["GET"]}}],"collection":[{"href":"https:\/\/vialpen.com\/es\/wp-json\/wp\/v2\/pages"}],"about":[{"href":"https:\/\/vialpen.com\/es\/wp-json\/wp\/v2\/types\/page"}],"author":[{"embeddable":true,"href":"https:\/\/vialpen.com\/es\/wp-json\/wp\/v2\/users\/1"}],"replies":[{"embeddable":true,"href":"https:\/\/vialpen.com\/es\/wp-json\/wp\/v2\/comments?post=87"}],"version-history":[{"count":22,"href":"https:\/\/vialpen.com\/es\/wp-json\/wp\/v2\/pages\/87\/revisions"}],"predecessor-version":[{"id":410,"href":"https:\/\/vialpen.com\/es\/wp-json\/wp\/v2\/pages\/87\/revisions\/410"}],"wp:attachment":[{"href":"https:\/\/vialpen.com\/es\/wp-json\/wp\/v2\/media?parent=87"}],"curies":[{"name":"wp","href":"https:\/\/api.w.org\/{rel}","templated":true}]}}